{"id":1615,"date":"2022-07-11T09:52:59","date_gmt":"2022-07-11T07:52:59","guid":{"rendered":"https:\/\/devel.joyn-it.at\/?page_id=1615"},"modified":"2024-08-06T10:34:06","modified_gmt":"2024-08-06T08:34:06","slug":"softwareentwicklung","status":"publish","type":"page","link":"https:\/\/www.joyn-it.at\/en\/softwareentwicklung\/","title":{"rendered":"Software Development"},"content":{"rendered":"<div data-elementor-type=\"wp-page\" data-elementor-id=\"1615\" class=\"elementor elementor-1615\">\n\t\t\t\t\t\t<section class=\"elementor-section elementor-top-section elementor-element elementor-element-69539e7 elementor-section-full_width elementor-section-height-default elementor-section-height-default\" data-id=\"69539e7\" data-element_type=\"section\">\n\t\t\t\t\t\t<div class=\"elementor-container elementor-column-gap-default\">\n\t\t\t\t\t<div class=\"elementor-column elementor-col-100 elementor-top-column elementor-element elementor-element-aacd43b\" data-id=\"aacd43b\" data-element_type=\"column\">\n\t\t\t<div class=\"elementor-widget-wrap elementor-element-populated\">\n\t\t\t\t\t\t<div class=\"elementor-element elementor-element-8bd284d elementor-widget elementor-widget-image\" data-id=\"8bd284d\" data-element_type=\"widget\" data-widget_type=\"image.default\">\n\t\t\t\t<div class=\"elementor-widget-container\">\n\t\t\t\t\t\t\t\t\t\t\t\t\t\t\t<img fetchpriority=\"high\" decoding=\"async\" width=\"1600\" height=\"236\" src=\"https:\/\/www.joyn-it.at\/wp-content\/uploads\/2022\/07\/ak09_3.png\" class=\"attachment-full size-full wp-image-1277\" alt=\"\" srcset=\"https:\/\/www.joyn-it.at\/wp-content\/uploads\/2022\/07\/ak09_3.png 1600w, https:\/\/www.joyn-it.at\/wp-content\/uploads\/2022\/07\/ak09_3-300x44.png 300w, https:\/\/www.joyn-it.at\/wp-content\/uploads\/2022\/07\/ak09_3-1024x151.png 1024w, https:\/\/www.joyn-it.at\/wp-content\/uploads\/2022\/07\/ak09_3-768x113.png 768w, https:\/\/www.joyn-it.at\/wp-content\/uploads\/2022\/07\/ak09_3-1536x227.png 1536w\" sizes=\"(max-width: 1600px) 100vw, 1600px\" \/>\t\t\t\t\t\t\t\t\t\t\t\t\t\t\t<\/div>\n\t\t\t\t<\/div>\n\t\t\t\t\t<\/div>\n\t\t<\/div>\n\t\t\t\t\t<\/div>\n\t\t<\/section>\n\t\t\t\t<section class=\"elementor-section elementor-top-section elementor-element elementor-element-1255c2d elementor-section-full_width elementor-section-height-default elementor-section-height-default\" data-id=\"1255c2d\" data-element_type=\"section\" data-settings=\"{&quot;background_background&quot;:&quot;classic&quot;}\">\n\t\t\t\t\t\t<div class=\"elementor-container elementor-column-gap-default\">\n\t\t\t\t\t<div class=\"elementor-column elementor-col-100 elementor-top-column elementor-element elementor-element-a310f46\" data-id=\"a310f46\" data-element_type=\"column\">\n\t\t\t<div class=\"elementor-widget-wrap elementor-element-populated\">\n\t\t\t\t\t\t<div class=\"elementor-element elementor-element-2792461 elementor-widget-tablet__width-inherit elementor-widget elementor-widget-heading\" data-id=\"2792461\" data-element_type=\"widget\" data-widget_type=\"heading.default\">\n\t\t\t\t<div class=\"elementor-widget-container\">\n\t\t\t\t\t<h3 class=\"elementor-heading-title elementor-size-default\">SOFTWARE SOLUTIONS THAT FIT<\/h3>\t\t\t\t<\/div>\n\t\t\t\t<\/div>\n\t\t\t\t<div class=\"elementor-element elementor-element-1953b7b elementor-widget elementor-widget-html\" data-id=\"1953b7b\" data-element_type=\"widget\" data-widget_type=\"html.default\">\n\t\t\t\t<div class=\"elementor-widget-container\">\n\t\t\t\t\t<div class=\"subnav flex\">\r\n    \r\n\t<a href=\"#allgemein\" class=\"itemNav rightBorder\">\r\n\t\tOverview\r\n\t<\/a>\r\n\t<a href=\"#webapp\" class=\"itemNav rightBorder\">\r\n\t\tWeb Applications\r\n\t<\/a>\r\n\t<a href=\"#richclientapp\" class=\"itemNav rightBorder\">\r\n\t\tRich Client Applications\r\n\t<\/a>\r\n\t<a href=\"#apex\" class=\"itemNav rightBorder\">\r\n\t\tRich Internet Applications\r\n\t<\/a>\r\n\t<a href=\"#enterpr\" class=\"itemNav\">\r\n\t\tMobile Enterprise Apps\r\n\t<\/a>\r\n<\/div>\t\t\t\t<\/div>\n\t\t\t\t<\/div>\n\t\t\t\t\t<\/div>\n\t\t<\/div>\n\t\t\t\t\t<\/div>\n\t\t<\/section>\n\t\t\t\t<section class=\"elementor-section elementor-top-section elementor-element elementor-element-931af11 elementor-section-boxed elementor-section-height-default elementor-section-height-default\" data-id=\"931af11\" data-element_type=\"section\">\n\t\t\t\t\t\t<div class=\"elementor-container elementor-column-gap-default\">\n\t\t\t\t\t<div class=\"elementor-column elementor-col-100 elementor-top-column elementor-element elementor-element-01e7fc4\" data-id=\"01e7fc4\" data-element_type=\"column\" id=\"allgemein\">\n\t\t\t<div class=\"elementor-widget-wrap elementor-element-populated\">\n\t\t\t\t\t\t<div class=\"elementor-element elementor-element-9cd71ee elementor-widget elementor-widget-text-editor\" data-id=\"9cd71ee\" data-element_type=\"widget\" data-widget_type=\"text-editor.default\">\n\t\t\t\t<div class=\"elementor-widget-container\">\n\t\t\t\t\t\t\t\t\tCustom-made to your specific needs\t\t\t\t\t\t\t\t<\/div>\n\t\t\t\t<\/div>\n\t\t\t\t<div class=\"elementor-element elementor-element-bec2f3d elementor-widget elementor-widget-text-editor\" data-id=\"bec2f3d\" data-element_type=\"widget\" data-widget_type=\"text-editor.default\">\n\t\t\t\t<div class=\"elementor-widget-container\">\n\t\t\t\t\t\t\t\t\t<p>Your business processes simply do not fit into the scheme of standard software. You need custom software solutions that are tailored to your processes and that support your staff optimally in their daily work. You want to mobilize your customers, partners and employees in the office and on the road? With us you are at the right address.<br>\n<br><br><em>..<\/em>&nbsp;entwickelt seit \u00fcber 20 Jahren Individualsoftware f\u00fcr \u00f6sterreichische Unternehmen. Unsere N\u00e4he zu Ihnen erlaubt es unseren IT-Spezialisten gemeinsam mit Ihnen nachhaltige und exakt auf Ihre Bed\u00fcrfnisse zugeschnittene Softwarel\u00f6sungen zu entwickeln. Dabei legen wir besonderes Augenmerk auf &nbsp;aktuelle Projektmanagement- und SW-Entwicklungsmethoden um punktgenau und in hoher Qualit\u00e4t Ihre Anforderungen&nbsp;umzusetzen.<\/p>\t\t\t\t\t\t\t\t<\/div>\n\t\t\t\t<\/div>\n\t\t\t\t<div class=\"elementor-element elementor-element-1d4cacc elementor-widget elementor-widget-image\" data-id=\"1d4cacc\" data-element_type=\"widget\" data-widget_type=\"image.default\">\n\t\t\t\t<div class=\"elementor-widget-container\">\n\t\t\t\t\t\t\t\t\t\t\t\t\t\t\t<img decoding=\"async\" width=\"704\" height=\"438\" src=\"https:\/\/www.joyn-it.at\/wp-content\/uploads\/2022\/06\/Softwareloesungen.png\" class=\"attachment-large size-large wp-image-679\" alt=\"\" srcset=\"https:\/\/www.joyn-it.at\/wp-content\/uploads\/2022\/06\/Softwareloesungen.png 704w, https:\/\/www.joyn-it.at\/wp-content\/uploads\/2022\/06\/Softwareloesungen-300x187.png 300w\" sizes=\"(max-width: 704px) 100vw, 704px\" \/>\t\t\t\t\t\t\t\t\t\t\t\t\t\t\t<\/div>\n\t\t\t\t<\/div>\n\t\t\t\t<div class=\"elementor-element elementor-element-21e0622 elementor-widget elementor-widget-text-editor\" data-id=\"21e0622\" data-element_type=\"widget\" data-widget_type=\"text-editor.default\">\n\t\t\t\t<div class=\"elementor-widget-container\">\n\t\t\t\t\t\t\t\t\tWe are specialists in the creation of information systems using a database for data storage. In addition to the Java technology in all variations, we also have extensive experience in Oracle development tools like Oracle-Forms and APEX.\t\t\t\t\t\t\t\t<\/div>\n\t\t\t\t<\/div>\n\t\t\t\t\t<\/div>\n\t\t<\/div>\n\t\t\t\t\t<\/div>\n\t\t<\/section>\n\t\t\t\t<section class=\"elementor-section elementor-top-section elementor-element elementor-element-b3748a9 elementor-section-boxed elementor-section-height-default elementor-section-height-default\" data-id=\"b3748a9\" data-element_type=\"section\">\n\t\t\t\t\t\t<div class=\"elementor-container elementor-column-gap-default\">\n\t\t\t\t\t<div class=\"elementor-column elementor-col-100 elementor-top-column elementor-element elementor-element-bbef53b\" data-id=\"bbef53b\" data-element_type=\"column\" id=\"webapp\">\n\t\t\t<div class=\"elementor-widget-wrap elementor-element-populated\">\n\t\t\t\t\t\t<div class=\"elementor-element elementor-element-626e1c5 elementor-widget elementor-widget-heading\" data-id=\"626e1c5\" data-element_type=\"widget\" data-widget_type=\"heading.default\">\n\t\t\t\t<div class=\"elementor-widget-container\">\n\t\t\t\t\t<h2 class=\"elementor-heading-title elementor-size-default\">WEB APPLICATIONS<\/h2>\t\t\t\t<\/div>\n\t\t\t\t<\/div>\n\t\t\t\t<div class=\"elementor-element elementor-element-b43d577 elementor-widget elementor-widget-text-editor\" data-id=\"b43d577\" data-element_type=\"widget\" data-widget_type=\"text-editor.default\">\n\t\t\t\t<div class=\"elementor-widget-container\">\n\t\t\t\t\t\t\t\t\t<p>Translation in progress.<\/p>\t\t\t\t\t\t\t\t<\/div>\n\t\t\t\t<\/div>\n\t\t\t\t<div class=\"elementor-element elementor-element-86a2291 elementor-widget elementor-widget-text-editor\" data-id=\"86a2291\" data-element_type=\"widget\" data-widget_type=\"text-editor.default\">\n\t\t\t\t<div class=\"elementor-widget-container\">\n\t\t\t\t\t\t\t\t\t<p>...<\/p><ul><li>...<\/li><li>...<\/li><li>...<\/li><li>...<\/li><li>...<\/li><\/ul><p>\u00a0<\/p><table border=\"1\" cellspacing=\"1\" cellpadding=\"1\"><tbody><tr><td>Frameworks<\/td><td>Java EE, Spring, Wicket, .Net<\/td><\/tr><tr><td>Application Server<\/td><td>Apache Tomcat, Oracle WebLogic, Microsoft Windows Server, JBoss<\/td><\/tr><tr><td>Programmiersprachen<\/td><td>Java, C#, C++<\/td><\/tr><tr><td>Database<\/td><td>Oracle, Postgres, SQL Server<\/td><\/tr><\/tbody><\/table>\t\t\t\t\t\t\t\t<\/div>\n\t\t\t\t<\/div>\n\t\t\t\t\t<\/div>\n\t\t<\/div>\n\t\t\t\t\t<\/div>\n\t\t<\/section>\n\t\t\t\t<section class=\"elementor-section elementor-top-section elementor-element elementor-element-70ed225 elementor-section-boxed elementor-section-height-default elementor-section-height-default\" data-id=\"70ed225\" data-element_type=\"section\">\n\t\t\t\t\t\t<div class=\"elementor-container elementor-column-gap-default\">\n\t\t\t\t\t<div class=\"elementor-column elementor-col-100 elementor-top-column elementor-element elementor-element-aad9a05\" data-id=\"aad9a05\" data-element_type=\"column\" id=\"richclientapp\">\n\t\t\t<div class=\"elementor-widget-wrap elementor-element-populated\">\n\t\t\t\t\t\t<div class=\"elementor-element elementor-element-8db7f0a elementor-widget elementor-widget-heading\" data-id=\"8db7f0a\" data-element_type=\"widget\" data-widget_type=\"heading.default\">\n\t\t\t\t<div class=\"elementor-widget-container\">\n\t\t\t\t\t<h2 class=\"elementor-heading-title elementor-size-default\">DEVELOPMENT OF RICH CLIENT APPLICATIONS<\/h2>\t\t\t\t<\/div>\n\t\t\t\t<\/div>\n\t\t\t\t<div class=\"elementor-element elementor-element-160fe06 elementor-widget elementor-widget-text-editor\" data-id=\"160fe06\" data-element_type=\"widget\" data-widget_type=\"text-editor.default\">\n\t\t\t\t<div class=\"elementor-widget-container\">\n\t\t\t\t\t\t\t\t\t<p>Translation in progress.<\/p>\t\t\t\t\t\t\t\t<\/div>\n\t\t\t\t<\/div>\n\t\t\t\t<div class=\"elementor-element elementor-element-d106189 elementor-widget elementor-widget-text-editor\" data-id=\"d106189\" data-element_type=\"widget\" data-widget_type=\"text-editor.default\">\n\t\t\t\t<div class=\"elementor-widget-container\">\n\t\t\t\t\t\t\t\t\t<p>...<\/p><ul><li>...<\/li><li>...<\/li><li>...<\/li><li>...<\/li><\/ul><p>\u00a0<\/p><table border=\"1\" cellspacing=\"1\" cellpadding=\"1\"><tbody><tr><td>Frameworks<\/td><td>Java SE, Spring, Jasper Reports, Hibernate<\/td><\/tr><tr><td>Programmiersprachen<\/td><td>Java<\/td><\/tr><tr><td>Database<\/td><td>Oracle, Postgres, SQL Server<\/td><\/tr><\/tbody><\/table>\t\t\t\t\t\t\t\t<\/div>\n\t\t\t\t<\/div>\n\t\t\t\t\t<\/div>\n\t\t<\/div>\n\t\t\t\t\t<\/div>\n\t\t<\/section>\n\t\t\t\t<section class=\"elementor-section elementor-top-section elementor-element elementor-element-5c2a1b4b elementor-section-boxed elementor-section-height-default elementor-section-height-default\" data-id=\"5c2a1b4b\" data-element_type=\"section\" id=\"apex\">\n\t\t\t\t\t\t<div class=\"elementor-container elementor-column-gap-default\">\n\t\t\t\t\t<div class=\"elementor-column elementor-col-100 elementor-top-column elementor-element elementor-element-3d879c3d\" data-id=\"3d879c3d\" data-element_type=\"column\" id=\"richclientapp\">\n\t\t\t<div class=\"elementor-widget-wrap elementor-element-populated\">\n\t\t\t\t\t\t<div class=\"elementor-element elementor-element-7b4fafae elementor-widget elementor-widget-heading\" data-id=\"7b4fafae\" data-element_type=\"widget\" data-widget_type=\"heading.default\">\n\t\t\t\t<div class=\"elementor-widget-container\">\n\t\t\t\t\t<h2 class=\"elementor-heading-title elementor-size-default\">ORACLE APPLICATION EXPRESS (APEX)<\/h2>\t\t\t\t<\/div>\n\t\t\t\t<\/div>\n\t\t\t\t<div class=\"elementor-element elementor-element-df6b1fd elementor-widget elementor-widget-text-editor\" data-id=\"df6b1fd\" data-element_type=\"widget\" data-widget_type=\"text-editor.default\">\n\t\t\t\t<div class=\"elementor-widget-container\">\n\t\t\t\t\t\t\t\t\t<p>Translation in progress.<\/p>\t\t\t\t\t\t\t\t<\/div>\n\t\t\t\t<\/div>\n\t\t\t\t<div class=\"elementor-element elementor-element-3baed2a7 elementor-widget elementor-widget-text-editor\" data-id=\"3baed2a7\" data-element_type=\"widget\" data-widget_type=\"text-editor.default\">\n\t\t\t\t<div class=\"elementor-widget-container\">\n\t\t\t\t\t\t\t\t\t<p><strong>..<\/strong> .<\/p><p>...<br \/>...<\/p><p>...<\/p>\t\t\t\t\t\t\t\t<\/div>\n\t\t\t\t<\/div>\n\t\t\t\t<div class=\"elementor-element elementor-element-3543400 elementor-widget elementor-widget-image\" data-id=\"3543400\" data-element_type=\"widget\" data-widget_type=\"image.default\">\n\t\t\t\t<div class=\"elementor-widget-container\">\n\t\t\t\t\t\t\t\t\t\t\t\t\t\t\t<img decoding=\"async\" width=\"400\" height=\"226\" src=\"https:\/\/www.joyn-it.at\/wp-content\/uploads\/2022\/07\/apex.png\" class=\"attachment-large size-large wp-image-1883\" alt=\"\" srcset=\"https:\/\/www.joyn-it.at\/wp-content\/uploads\/2022\/07\/apex.png 400w, https:\/\/www.joyn-it.at\/wp-content\/uploads\/2022\/07\/apex-300x170.png 300w\" sizes=\"(max-width: 400px) 100vw, 400px\" \/>\t\t\t\t\t\t\t\t\t\t\t\t\t\t\t<\/div>\n\t\t\t\t<\/div>\n\t\t\t\t<div class=\"elementor-element elementor-element-10b2cb2 elementor-widget elementor-widget-text-editor\" data-id=\"10b2cb2\" data-element_type=\"widget\" data-widget_type=\"text-editor.default\">\n\t\t\t\t<div class=\"elementor-widget-container\">\n\t\t\t\t\t\t\t\t\t<p>...<\/p><p>...<\/p><p>...<br \/>...<\/p><p><em>..<\/em>\u00a0.<\/p>\t\t\t\t\t\t\t\t<\/div>\n\t\t\t\t<\/div>\n\t\t\t\t\t<\/div>\n\t\t<\/div>\n\t\t\t\t\t<\/div>\n\t\t<\/section>\n\t\t\t\t<section class=\"elementor-section elementor-top-section elementor-element elementor-element-7009a50a elementor-section-boxed elementor-section-height-default elementor-section-height-default\" data-id=\"7009a50a\" data-element_type=\"section\" id=\"enterpr\">\n\t\t\t\t\t\t<div class=\"elementor-container elementor-column-gap-default\">\n\t\t\t\t\t<div class=\"elementor-column elementor-col-100 elementor-top-column elementor-element elementor-element-3723f717\" data-id=\"3723f717\" data-element_type=\"column\" id=\"richclientapp\">\n\t\t\t<div class=\"elementor-widget-wrap elementor-element-populated\">\n\t\t\t\t\t\t<div class=\"elementor-element elementor-element-71130cd9 elementor-widget elementor-widget-heading\" data-id=\"71130cd9\" data-element_type=\"widget\" data-widget_type=\"heading.default\">\n\t\t\t\t<div class=\"elementor-widget-container\">\n\t\t\t\t\t<h2 class=\"elementor-heading-title elementor-size-default\">MODERN ENTERPRISE APPS FOR SMARTPHONES AND TABLETS\n<\/h2>\t\t\t\t<\/div>\n\t\t\t\t<\/div>\n\t\t\t\t<div class=\"elementor-element elementor-element-2dfe0ea4 elementor-widget elementor-widget-text-editor\" data-id=\"2dfe0ea4\" data-element_type=\"widget\" data-widget_type=\"text-editor.default\">\n\t\t\t\t<div class=\"elementor-widget-container\">\n\t\t\t\t\t\t\t\t\tTranslation in progress.\n\t\t\t\t\t\t\t\t<\/div>\n\t\t\t\t<\/div>\n\t\t\t\t<div class=\"elementor-element elementor-element-5c487bd elementor-widget elementor-widget-text-editor\" data-id=\"5c487bd\" data-element_type=\"widget\" data-widget_type=\"text-editor.default\">\n\t\t\t\t<div class=\"elementor-widget-container\">\n\t\t\t\t\t\t\t\t\t<p>...<\/p><p>...<\/p>\t\t\t\t\t\t\t\t<\/div>\n\t\t\t\t<\/div>\n\t\t\t\t<div class=\"elementor-element elementor-element-0dce2d6 elementor-widget elementor-widget-text-editor\" data-id=\"0dce2d6\" data-element_type=\"widget\" data-widget_type=\"text-editor.default\">\n\t\t\t\t<div class=\"elementor-widget-container\">\n\t\t\t\t\t\t\t\t\t<table border=\"1\" cellspacing=\"1\" cellpadding=\"1\">\n<tbody>\n<tr>\n<td>SDK\/Frameworks<\/td>\n<td>Android SDK, iOS SDK, .Net<\/td>\n<\/tr>\n<tr>\n<td>Plattform<\/td>\n<td>Android, iOS, Windows Phone<\/td>\n<\/tr>\n<tr>\n<td>Programmiersprachen<\/td>\n<td>Java, Objective-C, C#<\/td>\n<\/tr>\n<\/tbody>\n<\/table>\t\t\t\t\t\t\t\t<\/div>\n\t\t\t\t<\/div>\n\t\t\t\t\t<\/div>\n\t\t<\/div>\n\t\t\t\t\t<\/div>\n\t\t<\/section>\n\t\t\t\t<\/div>","protected":false},"excerpt":{"rendered":"<p>SOFTWAREL\u00d6SUNGEN NACH MASS Allgemein Web Applikationen Rich Client Applikationen Rich Internet Applications Mobile Enterprise Apps Zugeschnitten auf Ihre speziellen Bed\u00fcrfnisse Ihre Businessprozesse passen einfach nicht in das Schema einer Standardsoftware. Sie ben\u00f6tigen individuelle Softwarel\u00f6sungen, die an ihre Prozesse angepasst sind und ihre Mitarbeiter in ihrer t\u00e4glichen Arbeit optimal unterst\u00fctzten. Sie wollen Ihre Kunden, Partner und [&hellip;]<\/p>","protected":false},"author":4,"featured_media":0,"parent":0,"menu_order":0,"comment_status":"closed","ping_status":"closed","template":"","meta":{"footnotes":""},"class_list":["post-1615","page","type-page","status-publish","hentry"],"_links":{"self":[{"href":"https:\/\/www.joyn-it.at\/en\/wp-json\/wp\/v2\/pages\/1615","targetHints":{"allow":["GET"]}}],"collection":[{"href":"https:\/\/www.joyn-it.at\/en\/wp-json\/wp\/v2\/pages"}],"about":[{"href":"https:\/\/www.joyn-it.at\/en\/wp-json\/wp\/v2\/types\/page"}],"author":[{"embeddable":true,"href":"https:\/\/www.joyn-it.at\/en\/wp-json\/wp\/v2\/users\/4"}],"replies":[{"embeddable":true,"href":"https:\/\/www.joyn-it.at\/en\/wp-json\/wp\/v2\/comments?post=1615"}],"version-history":[{"count":80,"href":"https:\/\/www.joyn-it.at\/en\/wp-json\/wp\/v2\/pages\/1615\/revisions"}],"predecessor-version":[{"id":3259,"href":"https:\/\/www.joyn-it.at\/en\/wp-json\/wp\/v2\/pages\/1615\/revisions\/3259"}],"wp:attachment":[{"href":"https:\/\/www.joyn-it.at\/en\/wp-json\/wp\/v2\/media?parent=1615"}],"curies":[{"name":"wp","href":"https:\/\/api.w.org\/{rel}","templated":true}]}}