{"id":2440,"date":"2022-07-20T16:36:30","date_gmt":"2022-07-20T14:36:30","guid":{"rendered":"https:\/\/devel.joyn-it.at\/?page_id=2440"},"modified":"2022-08-09T14:23:06","modified_gmt":"2022-08-09T12:23:06","slug":"projektmanagement","status":"publish","type":"page","link":"https:\/\/www.joyn-it.at\/en\/projektmanagement\/","title":{"rendered":"Project Management"},"content":{"rendered":"<div data-elementor-type=\"wp-page\" data-elementor-id=\"2440\" class=\"elementor elementor-2440\">\n\t\t\t\t\t\t<section class=\"elementor-section elementor-top-section elementor-element elementor-element-69539e7 elementor-section-full_width elementor-section-height-default elementor-section-height-default\" data-id=\"69539e7\" data-element_type=\"section\">\n\t\t\t\t\t\t<div class=\"elementor-container elementor-column-gap-default\">\n\t\t\t\t\t<div class=\"elementor-column elementor-col-100 elementor-top-column elementor-element elementor-element-aacd43b\" data-id=\"aacd43b\" data-element_type=\"column\">\n\t\t\t<div class=\"elementor-widget-wrap elementor-element-populated\">\n\t\t\t\t\t\t<div class=\"elementor-element elementor-element-8bd284d elementor-widget elementor-widget-image\" data-id=\"8bd284d\" data-element_type=\"widget\" data-widget_type=\"image.default\">\n\t\t\t\t<div class=\"elementor-widget-container\">\n\t\t\t\t\t\t\t\t\t\t\t\t\t\t\t<img fetchpriority=\"high\" decoding=\"async\" width=\"1600\" height=\"236\" src=\"https:\/\/www.joyn-it.at\/wp-content\/uploads\/2022\/07\/ak10-1.png\" class=\"attachment-full size-full wp-image-2436\" alt=\"\" srcset=\"https:\/\/www.joyn-it.at\/wp-content\/uploads\/2022\/07\/ak10-1.png 1600w, https:\/\/www.joyn-it.at\/wp-content\/uploads\/2022\/07\/ak10-1-300x44.png 300w, https:\/\/www.joyn-it.at\/wp-content\/uploads\/2022\/07\/ak10-1-1024x151.png 1024w, https:\/\/www.joyn-it.at\/wp-content\/uploads\/2022\/07\/ak10-1-768x113.png 768w, https:\/\/www.joyn-it.at\/wp-content\/uploads\/2022\/07\/ak10-1-1536x227.png 1536w, https:\/\/www.joyn-it.at\/wp-content\/uploads\/2022\/07\/ak10-1-18x3.png 18w\" sizes=\"(max-width: 1600px) 100vw, 1600px\" \/>\t\t\t\t\t\t\t\t\t\t\t\t\t\t\t<\/div>\n\t\t\t\t<\/div>\n\t\t\t\t\t<\/div>\n\t\t<\/div>\n\t\t\t\t\t<\/div>\n\t\t<\/section>\n\t\t\t\t<section class=\"elementor-section elementor-top-section elementor-element elementor-element-1255c2d elementor-section-full_width elementor-section-height-default elementor-section-height-default\" data-id=\"1255c2d\" data-element_type=\"section\" data-settings=\"{&quot;background_background&quot;:&quot;classic&quot;}\">\n\t\t\t\t\t\t<div class=\"elementor-container elementor-column-gap-default\">\n\t\t\t\t\t<div class=\"elementor-column elementor-col-100 elementor-top-column elementor-element elementor-element-a310f46\" data-id=\"a310f46\" data-element_type=\"column\">\n\t\t\t<div class=\"elementor-widget-wrap elementor-element-populated\">\n\t\t\t\t\t\t<div class=\"elementor-element elementor-element-2792461 elementor-widget-tablet__width-inherit elementor-widget elementor-widget-heading\" data-id=\"2792461\" data-element_type=\"widget\" data-widget_type=\"heading.default\">\n\t\t\t\t<div class=\"elementor-widget-container\">\n\t\t\t\t\t<h3 class=\"elementor-heading-title elementor-size-default\">PROJECT MANAGEMENT<\/h3>\t\t\t\t<\/div>\n\t\t\t\t<\/div>\n\t\t\t\t<div class=\"elementor-element elementor-element-08ad730 elementor-widget elementor-widget-text-editor\" data-id=\"08ad730\" data-element_type=\"widget\" data-widget_type=\"text-editor.default\">\n\t\t\t\t<div class=\"elementor-widget-container\">\n\t\t\t\t\t\t\t\t\t<p>Efficiently lead IT projects to success<\/p>\t\t\t\t\t\t\t\t<\/div>\n\t\t\t\t<\/div>\n\t\t\t\t\t<\/div>\n\t\t<\/div>\n\t\t\t\t\t<\/div>\n\t\t<\/section>\n\t\t\t\t<section class=\"elementor-section elementor-top-section elementor-element elementor-element-931af11 elementor-section-boxed elementor-section-height-default elementor-section-height-default\" data-id=\"931af11\" data-element_type=\"section\">\n\t\t\t\t\t\t<div class=\"elementor-container elementor-column-gap-default\">\n\t\t\t\t\t<div class=\"elementor-column elementor-col-100 elementor-top-column elementor-element elementor-element-01e7fc4\" data-id=\"01e7fc4\" data-element_type=\"column\" id=\"allgemein\">\n\t\t\t<div class=\"elementor-widget-wrap elementor-element-populated\">\n\t\t\t\t\t\t<div class=\"elementor-element elementor-element-9cd71ee elementor-widget elementor-widget-text-editor\" data-id=\"9cd71ee\" data-element_type=\"widget\" data-widget_type=\"text-editor.default\">\n\t\t\t\t<div class=\"elementor-widget-container\">\n\t\t\t\t\t\t\t\t\tHigh quality software solutions to optimize your business success\n\t\t\t\t\t\t\t\t<\/div>\n\t\t\t\t<\/div>\n\t\t\t\t<div class=\"elementor-element elementor-element-bec2f3d elementor-widget elementor-widget-text-editor\" data-id=\"bec2f3d\" data-element_type=\"widget\" data-widget_type=\"text-editor.default\">\n\t\t\t\t<div class=\"elementor-widget-container\">\n\t\t\t\t\t\t\t\t\t<p>Software solutions that are in use by many customers prove the competence of joyn-it in the realization of IT-projects. The professional spectrum ranges from requirements collection, solution design, implementation till commissioning, training and maintenance of the Software solution.\u00a0<em>..<\/em>\u00a0in der Abwicklung von IT-Projekten. Das Spektrum reicht von der Erhebung der Anforderungen, dem Entwurf eines L\u00f6sungsweges, der Implementierung\u00a0bis zur Inbetriebnahme, Schulung und Wartung der Softwarel\u00f6sung.<\/p>\t\t\t\t\t\t\t\t<\/div>\n\t\t\t\t<\/div>\n\t\t\t\t<div class=\"elementor-element elementor-element-1d4cacc elementor-widget elementor-widget-image\" data-id=\"1d4cacc\" data-element_type=\"widget\" data-widget_type=\"image.default\">\n\t\t\t\t<div class=\"elementor-widget-container\">\n\t\t\t\t\t\t\t\t\t\t\t\t\t\t\t<img decoding=\"async\" width=\"458\" height=\"440\" src=\"https:\/\/www.joyn-it.at\/wp-content\/uploads\/2022\/07\/Projektabwicklung.jpg\" class=\"attachment-large size-large wp-image-2449\" alt=\"\" srcset=\"https:\/\/www.joyn-it.at\/wp-content\/uploads\/2022\/07\/Projektabwicklung.jpg 458w, https:\/\/www.joyn-it.at\/wp-content\/uploads\/2022\/07\/Projektabwicklung-300x288.jpg 300w, https:\/\/www.joyn-it.at\/wp-content\/uploads\/2022\/07\/Projektabwicklung-12x12.jpg 12w\" sizes=\"(max-width: 458px) 100vw, 458px\" \/>\t\t\t\t\t\t\t\t\t\t\t\t\t\t\t<\/div>\n\t\t\t\t<\/div>\n\t\t\t\t<div class=\"elementor-element elementor-element-160fe06 elementor-widget elementor-widget-text-editor\" data-id=\"160fe06\" data-element_type=\"widget\" data-widget_type=\"text-editor.default\">\n\t\t\t\t<div class=\"elementor-widget-container\">\n\t\t\t\t\t\t\t\t\tRequirements- and Process analysis\n\t\t\t\t\t\t\t\t<\/div>\n\t\t\t\t<\/div>\n\t\t\t\t<div class=\"elementor-element elementor-element-d106189 elementor-widget elementor-widget-text-editor\" data-id=\"d106189\" data-element_type=\"widget\" data-widget_type=\"text-editor.default\">\n\t\t\t\t<div class=\"elementor-widget-container\">\n\t\t\t\t\t\t\t\t\tThe requirements for the solution are collected in close cooperation with customer. We use, among others, on site interviews, questionnaires, observation and analyses of existing operations or reverse engineering of software that is currently in use.A preliminary effort- and cost analyses and a rough project plan are, apart from the requirements a deliverable of this phase.\n\n\t\t\t\t\t\t\t\t<\/div>\n\t\t\t\t<\/div>\n\t\t\t\t<div class=\"elementor-element elementor-element-df6b1fd elementor-widget elementor-widget-text-editor\" data-id=\"df6b1fd\" data-element_type=\"widget\" data-widget_type=\"text-editor.default\">\n\t\t\t\t<div class=\"elementor-widget-container\">\n\t\t\t\t\t\t\t\t\tDesign\t\t\t\t\t\t\t\t<\/div>\n\t\t\t\t<\/div>\n\t\t\t\t<div class=\"elementor-element elementor-element-3baed2a7 elementor-widget elementor-widget-text-editor\" data-id=\"3baed2a7\" data-element_type=\"widget\" data-widget_type=\"text-editor.default\">\n\t\t\t\t<div class=\"elementor-widget-container\">\n\t\t\t\t\t\t\t\t\t<p>The system design is based on the requirements coming from the previous phase.  In the design phase the total system will be broken down into smaller modules or components on which the technical implementation of the requirements will be based. Special attention will be paid to complex requirements where diagrams (UML will be used for detailed specification. If needed a prototype POC (Proof of Concept) will be developed in order to minimize the risk of a redesign at a later stage. The result is a concept for the overall system architecture and the technical details (technology, tools, and tools development environment).<\/p>\t\t\t\t\t\t\t\t<\/div>\n\t\t\t\t<\/div>\n\t\t\t\t<div class=\"elementor-element elementor-element-b43d577 elementor-widget elementor-widget-text-editor\" data-id=\"b43d577\" data-element_type=\"widget\" data-widget_type=\"text-editor.default\">\n\t\t\t\t<div class=\"elementor-widget-container\">\n\t\t\t\t\t\t\t\t\tImplementation\n\t\t\t\t\t\t\t\t<\/div>\n\t\t\t\t<\/div>\n\t\t\t\t<div class=\"elementor-element elementor-element-86a2291 elementor-widget elementor-widget-text-editor\" data-id=\"86a2291\" data-element_type=\"widget\" data-widget_type=\"text-editor.default\">\n\t\t\t\t<div class=\"elementor-widget-container\">\n\t\t\t\t\t\t\t\t\tThe modules and components are implemented in accordance with the requirements of the design. At the same time automated component tests are implemented for the critical parts.  The documentation of the developed module will be ongoing updated and completed during the implementation.\n\n\t\t\t\t\t\t\t\t<\/div>\n\t\t\t\t<\/div>\n\t\t\t\t<div class=\"elementor-element elementor-element-2dfe0ea4 elementor-widget elementor-widget-text-editor\" data-id=\"2dfe0ea4\" data-element_type=\"widget\" data-widget_type=\"text-editor.default\">\n\t\t\t\t<div class=\"elementor-widget-container\">\n\t\t\t\t\t\t\t\t\tCommissioning\n\t\t\t\t\t\t\t\t<\/div>\n\t\t\t\t<\/div>\n\t\t\t\t<div class=\"elementor-element elementor-element-5c487bd elementor-widget elementor-widget-text-editor\" data-id=\"5c487bd\" data-element_type=\"widget\" data-widget_type=\"text-editor.default\">\n\t\t\t\t<div class=\"elementor-widget-container\">\n\t\t\t\t\t\t\t\t\t<p class=\"paragraph897e6a4b329122ba\"><span class=\"text6e5bc484bc973b67\">The necessary steps towards the production implementation are planned and executed in close cooperation with the customer. Both the installation and the developed solution shall initially be installed on a testing machine and tested by the customer in detail. Once all errors are corrected and the functionality has been accepted by the customer, the system can be taken into production.<\/span><\/p>\t\t\t\t\t\t\t\t<\/div>\n\t\t\t\t<\/div>\n\t\t\t\t<div class=\"elementor-element elementor-element-ddde998 elementor-widget elementor-widget-text-editor\" data-id=\"ddde998\" data-element_type=\"widget\" data-widget_type=\"text-editor.default\">\n\t\t\t\t<div class=\"elementor-widget-container\">\n\t\t\t\t\t\t\t\t\tMaintenance and Support\n\t\t\t\t\t\t\t\t<\/div>\n\t\t\t\t<\/div>\n\t\t\t\t<div class=\"elementor-element elementor-element-0dce2d6 elementor-widget elementor-widget-text-editor\" data-id=\"0dce2d6\" data-element_type=\"widget\" data-widget_type=\"text-editor.default\">\n\t\t\t\t<div class=\"elementor-widget-container\">\n\t\t\t\t\t\t\t\t\t<p class=\"paragraph897e6a4b329122ba\"><span class=\"text6e5bc484bc973b67\">On request\u00a0<em>..<\/em>\u00a0also offers the maintenance of the developed software with defined response times. Necessary updates due to technical evolution or changes in local legal requirements can be realized based on maintenance or change requests.<\/span><\/p>\t\t\t\t\t\t\t\t<\/div>\n\t\t\t\t<\/div>\n\t\t\t\t\t<\/div>\n\t\t<\/div>\n\t\t\t\t\t<\/div>\n\t\t<\/section>\n\t\t\t\t<\/div>","protected":false},"excerpt":{"rendered":"<p>PROJEKTMANAGEMENT IT-Projekte effizient zum Erfolg f\u00fchren Hochwertige Softwarel\u00f6sungen zur Optimierung Ihres Gesch\u00e4fterfolgs Viele bei Kunden eingesetzte Softwarel\u00f6sungen beweisen die Kompetenz von\u00a0joyn-it\u00a0in der Abwicklung von IT-Projekten. Das Spektrum reicht von der Erhebung der Anforderungen, dem Entwurf eines L\u00f6sungsweges, der Implementierung\u00a0bis zur Inbetriebnahme, Schulung und Wartung der Softwarel\u00f6sung. Anforderungs- und Prozessanalyse In enger Zusammenarbeit mit dem Kunden [&hellip;]<\/p>","protected":false},"author":4,"featured_media":0,"parent":0,"menu_order":0,"comment_status":"closed","ping_status":"closed","template":"","meta":{"footnotes":""},"class_list":["post-2440","page","type-page","status-publish","hentry"],"_links":{"self":[{"href":"https:\/\/www.joyn-it.at\/en\/wp-json\/wp\/v2\/pages\/2440","targetHints":{"allow":["GET"]}}],"collection":[{"href":"https:\/\/www.joyn-it.at\/en\/wp-json\/wp\/v2\/pages"}],"about":[{"href":"https:\/\/www.joyn-it.at\/en\/wp-json\/wp\/v2\/types\/page"}],"author":[{"embeddable":true,"href":"https:\/\/www.joyn-it.at\/en\/wp-json\/wp\/v2\/users\/4"}],"replies":[{"embeddable":true,"href":"https:\/\/www.joyn-it.at\/en\/wp-json\/wp\/v2\/comments?post=2440"}],"version-history":[{"count":32,"href":"https:\/\/www.joyn-it.at\/en\/wp-json\/wp\/v2\/pages\/2440\/revisions"}],"predecessor-version":[{"id":2976,"href":"https:\/\/www.joyn-it.at\/en\/wp-json\/wp\/v2\/pages\/2440\/revisions\/2976"}],"wp:attachment":[{"href":"https:\/\/www.joyn-it.at\/en\/wp-json\/wp\/v2\/media?parent=2440"}],"curies":[{"name":"wp","href":"https:\/\/api.w.org\/{rel}","templated":true}]}}