{"id":2459,"date":"2022-07-20T16:47:16","date_gmt":"2022-07-20T14:47:16","guid":{"rendered":"https:\/\/devel.joyn-it.at\/?page_id=2459"},"modified":"2022-07-20T17:00:51","modified_gmt":"2022-07-20T15:00:51","slug":"saas","status":"publish","type":"page","link":"https:\/\/www.joyn-it.at\/en\/saas\/","title":{"rendered":"Software as a Service"},"content":{"rendered":"<div data-elementor-type=\"wp-page\" data-elementor-id=\"2459\" class=\"elementor elementor-2459\">\n\t\t\t\t\t\t<section class=\"elementor-section elementor-top-section elementor-element elementor-element-69539e7 elementor-section-full_width elementor-section-height-default elementor-section-height-default\" data-id=\"69539e7\" data-element_type=\"section\">\n\t\t\t\t\t\t<div class=\"elementor-container elementor-column-gap-default\">\n\t\t\t\t\t<div class=\"elementor-column elementor-col-100 elementor-top-column elementor-element elementor-element-aacd43b\" data-id=\"aacd43b\" data-element_type=\"column\">\n\t\t\t<div class=\"elementor-widget-wrap elementor-element-populated\">\n\t\t\t\t\t\t<div class=\"elementor-element elementor-element-8bd284d elementor-widget elementor-widget-image\" data-id=\"8bd284d\" data-element_type=\"widget\" data-widget_type=\"image.default\">\n\t\t\t\t<div class=\"elementor-widget-container\">\n\t\t\t\t\t\t\t\t\t\t\t\t\t\t\t<img fetchpriority=\"high\" decoding=\"async\" width=\"1600\" height=\"236\" src=\"https:\/\/www.joyn-it.at\/wp-content\/uploads\/2022\/07\/ak08.png\" class=\"attachment-full size-full wp-image-2433\" alt=\"\" srcset=\"https:\/\/www.joyn-it.at\/wp-content\/uploads\/2022\/07\/ak08.png 1600w, https:\/\/www.joyn-it.at\/wp-content\/uploads\/2022\/07\/ak08-300x44.png 300w, https:\/\/www.joyn-it.at\/wp-content\/uploads\/2022\/07\/ak08-1024x151.png 1024w, https:\/\/www.joyn-it.at\/wp-content\/uploads\/2022\/07\/ak08-768x113.png 768w, https:\/\/www.joyn-it.at\/wp-content\/uploads\/2022\/07\/ak08-1536x227.png 1536w, https:\/\/www.joyn-it.at\/wp-content\/uploads\/2022\/07\/ak08-18x3.png 18w\" sizes=\"(max-width: 1600px) 100vw, 1600px\" \/>\t\t\t\t\t\t\t\t\t\t\t\t\t\t\t<\/div>\n\t\t\t\t<\/div>\n\t\t\t\t\t<\/div>\n\t\t<\/div>\n\t\t\t\t\t<\/div>\n\t\t<\/section>\n\t\t\t\t<section class=\"elementor-section elementor-top-section elementor-element elementor-element-1255c2d elementor-section-full_width elementor-section-height-default elementor-section-height-default\" data-id=\"1255c2d\" data-element_type=\"section\" data-settings=\"{&quot;background_background&quot;:&quot;classic&quot;}\">\n\t\t\t\t\t\t<div class=\"elementor-container elementor-column-gap-default\">\n\t\t\t\t\t<div class=\"elementor-column elementor-col-100 elementor-top-column elementor-element elementor-element-a310f46\" data-id=\"a310f46\" data-element_type=\"column\">\n\t\t\t<div class=\"elementor-widget-wrap elementor-element-populated\">\n\t\t\t\t\t\t<div class=\"elementor-element elementor-element-2792461 elementor-widget-tablet__width-inherit elementor-widget elementor-widget-heading\" data-id=\"2792461\" data-element_type=\"widget\" data-widget_type=\"heading.default\">\n\t\t\t\t<div class=\"elementor-widget-container\">\n\t\t\t\t\t<h3 class=\"elementor-heading-title elementor-size-default\">Software as a Service (SaaS)<\/h3>\t\t\t\t<\/div>\n\t\t\t\t<\/div>\n\t\t\t\t<div class=\"elementor-element elementor-element-e40e098 elementor-widget elementor-widget-spacer\" data-id=\"e40e098\" data-element_type=\"widget\" data-widget_type=\"spacer.default\">\n\t\t\t\t<div class=\"elementor-widget-container\">\n\t\t\t\t\t\t\t<div class=\"elementor-spacer\">\n\t\t\t<div class=\"elementor-spacer-inner\"><\/div>\n\t\t<\/div>\n\t\t\t\t\t\t<\/div>\n\t\t\t\t<\/div>\n\t\t\t\t\t<\/div>\n\t\t<\/div>\n\t\t\t\t\t<\/div>\n\t\t<\/section>\n\t\t\t\t<section class=\"elementor-section elementor-top-section elementor-element elementor-element-931af11 elementor-section-boxed elementor-section-height-default elementor-section-height-default\" data-id=\"931af11\" data-element_type=\"section\">\n\t\t\t\t\t\t<div class=\"elementor-container elementor-column-gap-default\">\n\t\t\t\t\t<div class=\"elementor-column elementor-col-100 elementor-top-column elementor-element elementor-element-01e7fc4\" data-id=\"01e7fc4\" data-element_type=\"column\" id=\"allgemein\">\n\t\t\t<div class=\"elementor-widget-wrap elementor-element-populated\">\n\t\t\t\t\t\t<div class=\"elementor-element elementor-element-9cd71ee elementor-widget elementor-widget-text-editor\" data-id=\"9cd71ee\" data-element_type=\"widget\" data-widget_type=\"text-editor.default\">\n\t\t\t\t<div class=\"elementor-widget-container\">\n\t\t\t\t\t\t\t\t\tSimply use the applications\t\t\t\t\t\t\t\t<\/div>\n\t\t\t\t<\/div>\n\t\t\t\t<div class=\"elementor-element elementor-element-0dce2d6 elementor-widget elementor-widget-text-editor\" data-id=\"0dce2d6\" data-element_type=\"widget\" data-widget_type=\"text-editor.default\">\n\t\t\t\t<div class=\"elementor-widget-container\">\n\t\t\t\t\t\t\t\t\t<div class=\"content clearfix\"><div class=\"field field-name-body field-type-text-with-summary field-label-hidden\"><div class=\"field-items\"><div class=\"field-item even\"><p>SaaS allows you to focus on your core business. We take care of the day-to-day operation, thus ensuring the proper operation of your IT Infrastructure and applications, monitor your systems and resolve problems within agreed limits.<\/p><p><em>..<\/em>\u00a0plans, provides, supports and optimizes the outsourced IT services in accordance with the signed service levels agreement<\/p><p>Benefits for you are:<\/p><ul><li>Risk minimization through efficient and qualitative implementation<\/li><li>Cost savings due to specialization \/ focus<\/li><li>Focus on core business<\/li><li>Greater transparency through clear definitions and understandings<\/li><\/ul><\/div><\/div><\/div><\/div>\t\t\t\t\t\t\t\t<\/div>\n\t\t\t\t<\/div>\n\t\t\t\t\t<\/div>\n\t\t<\/div>\n\t\t\t\t\t<\/div>\n\t\t<\/section>\n\t\t\t\t<\/div>","protected":false},"excerpt":{"rendered":"<p>Software as a Service (SaaS) Applikationen einfach nutzen SaaS erm\u00f6glicht Ihnen sich auf Ihr Kerngesch\u00e4ft zu konzentrieren. Wir \u00fcbernehmen f\u00fcr Sie den laufenden&nbsp;Betrieb, sorgen f\u00fcr die einwandfreie Funktion Ihrer IT-Infarastruktur und Applikationen, \u00fcberwachen Ihre Systeme und beheben innerhalb vereinbarter Limits aufgetretene St\u00f6rungen. joyn-it&nbsp;plant, erbringt, unterst\u00fctzt und optimiert auszulagernde IT-Serviceleistungen gem\u00e4\u00df dem vereinbarten Servicelevel. Vorteile f\u00fcr [&hellip;]<\/p>","protected":false},"author":4,"featured_media":0,"parent":0,"menu_order":0,"comment_status":"closed","ping_status":"closed","template":"","meta":{"footnotes":""},"class_list":["post-2459","page","type-page","status-publish","hentry"],"_links":{"self":[{"href":"https:\/\/www.joyn-it.at\/en\/wp-json\/wp\/v2\/pages\/2459","targetHints":{"allow":["GET"]}}],"collection":[{"href":"https:\/\/www.joyn-it.at\/en\/wp-json\/wp\/v2\/pages"}],"about":[{"href":"https:\/\/www.joyn-it.at\/en\/wp-json\/wp\/v2\/types\/page"}],"author":[{"embeddable":true,"href":"https:\/\/www.joyn-it.at\/en\/wp-json\/wp\/v2\/users\/4"}],"replies":[{"embeddable":true,"href":"https:\/\/www.joyn-it.at\/en\/wp-json\/wp\/v2\/comments?post=2459"}],"version-history":[{"count":8,"href":"https:\/\/www.joyn-it.at\/en\/wp-json\/wp\/v2\/pages\/2459\/revisions"}],"predecessor-version":[{"id":2482,"href":"https:\/\/www.joyn-it.at\/en\/wp-json\/wp\/v2\/pages\/2459\/revisions\/2482"}],"wp:attachment":[{"href":"https:\/\/www.joyn-it.at\/en\/wp-json\/wp\/v2\/media?parent=2459"}],"curies":[{"name":"wp","href":"https:\/\/api.w.org\/{rel}","templated":true}]}}