{"id":2486,"date":"2022-07-20T17:13:04","date_gmt":"2022-07-20T15:13:04","guid":{"rendered":"https:\/\/devel.joyn-it.at\/?page_id=2486"},"modified":"2022-07-27T08:27:57","modified_gmt":"2022-07-27T06:27:57","slug":"produkte","status":"publish","type":"page","link":"https:\/\/www.joyn-it.at\/en\/produkte\/","title":{"rendered":"Products"},"content":{"rendered":"<div data-elementor-type=\"wp-page\" data-elementor-id=\"2486\" class=\"elementor elementor-2486\">\n\t\t\t\t\t\t<section class=\"elementor-section elementor-top-section elementor-element elementor-element-69539e7 elementor-section-full_width elementor-section-height-default elementor-section-height-default\" data-id=\"69539e7\" data-element_type=\"section\">\n\t\t\t\t\t\t<div class=\"elementor-container elementor-column-gap-default\">\n\t\t\t\t\t<div class=\"elementor-column elementor-col-100 elementor-top-column elementor-element elementor-element-aacd43b\" data-id=\"aacd43b\" data-element_type=\"column\">\n\t\t\t<div class=\"elementor-widget-wrap elementor-element-populated\">\n\t\t\t\t\t\t<div class=\"elementor-element elementor-element-8bd284d elementor-widget elementor-widget-image\" data-id=\"8bd284d\" data-element_type=\"widget\" data-widget_type=\"image.default\">\n\t\t\t\t<div class=\"elementor-widget-container\">\n\t\t\t\t\t\t\t\t\t\t\t\t\t\t\t<img fetchpriority=\"high\" decoding=\"async\" width=\"1920\" height=\"1280\" src=\"https:\/\/www.joyn-it.at\/wp-content\/uploads\/2017\/02\/golden-gate-bridge-388917_1920.jpg\" class=\"attachment-full size-full wp-image-242\" alt=\"\" srcset=\"https:\/\/www.joyn-it.at\/wp-content\/uploads\/2017\/02\/golden-gate-bridge-388917_1920.jpg 1920w, https:\/\/www.joyn-it.at\/wp-content\/uploads\/2017\/02\/golden-gate-bridge-388917_1920-300x200.jpg 300w, https:\/\/www.joyn-it.at\/wp-content\/uploads\/2017\/02\/golden-gate-bridge-388917_1920-1024x683.jpg 1024w, https:\/\/www.joyn-it.at\/wp-content\/uploads\/2017\/02\/golden-gate-bridge-388917_1920-768x512.jpg 768w, https:\/\/www.joyn-it.at\/wp-content\/uploads\/2017\/02\/golden-gate-bridge-388917_1920-1536x1024.jpg 1536w, https:\/\/www.joyn-it.at\/wp-content\/uploads\/2017\/02\/golden-gate-bridge-388917_1920-260x173.jpg 260w\" sizes=\"(max-width: 1920px) 100vw, 1920px\" \/>\t\t\t\t\t\t\t\t\t\t\t\t\t\t\t<\/div>\n\t\t\t\t<\/div>\n\t\t\t\t\t<\/div>\n\t\t<\/div>\n\t\t\t\t\t<\/div>\n\t\t<\/section>\n\t\t\t\t<section class=\"elementor-section elementor-top-section elementor-element elementor-element-1255c2d elementor-section-full_width elementor-section-height-default elementor-section-height-default\" data-id=\"1255c2d\" data-element_type=\"section\" data-settings=\"{&quot;background_background&quot;:&quot;classic&quot;}\">\n\t\t\t\t\t\t<div class=\"elementor-container elementor-column-gap-default\">\n\t\t\t\t\t<div class=\"elementor-column elementor-col-100 elementor-top-column elementor-element elementor-element-a310f46\" data-id=\"a310f46\" data-element_type=\"column\">\n\t\t\t<div class=\"elementor-widget-wrap elementor-element-populated\">\n\t\t\t\t\t\t<div class=\"elementor-element elementor-element-2792461 elementor-widget-tablet__width-inherit elementor-widget elementor-widget-heading\" data-id=\"2792461\" data-element_type=\"widget\" data-widget_type=\"heading.default\">\n\t\t\t\t<div class=\"elementor-widget-container\">\n\t\t\t\t\t<h3 class=\"elementor-heading-title elementor-size-default\">PRODUCTS<\/h3>\t\t\t\t<\/div>\n\t\t\t\t<\/div>\n\t\t\t\t<div class=\"elementor-element elementor-element-51c4595 elementor-widget elementor-widget-html\" data-id=\"51c4595\" data-element_type=\"widget\" data-widget_type=\"html.default\">\n\t\t\t\t<div class=\"elementor-widget-container\">\n\t\t\t\t\t<div class=\"subnav flex\">\r\n    \r\n\t<a href=\"#fertig\" class=\"itemNav rightBorder\">\r\n\t\tReady Softwaresolutions\r\n\t<\/a>\r\n\t<a href=\"#lfa\" class=\"itemNav rightBorder\">\r\n\t\tLFA Suite\r\n\t<\/a>\r\n\t<a href=\"#avsky\" class=\"itemNav rightBorder\">\r\n\t\tAviation & Sky\r\n\t<\/a>\r\n\t<a href=\"#ac\" class=\"itemNav rightBorder\">\r\n\t\tAudit Center\r\n\t<\/a>\r\n\t<a href=\"#audit\" class=\"itemNav\">\r\n\t\tAudit\r\n\t<\/a>\r\n<\/div>\t\t\t\t<\/div>\n\t\t\t\t<\/div>\n\t\t\t\t\t<\/div>\n\t\t<\/div>\n\t\t\t\t\t<\/div>\n\t\t<\/section>\n\t\t\t\t<section class=\"elementor-section elementor-top-section elementor-element elementor-element-931af11 elementor-section-boxed elementor-section-height-default elementor-section-height-default\" data-id=\"931af11\" data-element_type=\"section\">\n\t\t\t\t\t\t<div class=\"elementor-container elementor-column-gap-default\">\n\t\t\t\t\t<div class=\"elementor-column elementor-col-100 elementor-top-column elementor-element elementor-element-01e7fc4\" data-id=\"01e7fc4\" data-element_type=\"column\" id=\"allgemein\">\n\t\t\t<div class=\"elementor-widget-wrap elementor-element-populated\">\n\t\t\t\t\t\t<div class=\"elementor-element elementor-element-9cd71ee elementor-widget elementor-widget-text-editor\" data-id=\"9cd71ee\" data-element_type=\"widget\" id=\"fertig\" data-widget_type=\"text-editor.default\">\n\t\t\t\t<div class=\"elementor-widget-container\">\n\t\t\t\t\t\t\t\t\tReady-made flexible and adaptable software solutions\n\t\t\t\t\t\t\t\t<\/div>\n\t\t\t\t<\/div>\n\t\t\t\t<div class=\"elementor-element elementor-element-bec2f3d elementor-widget elementor-widget-text-editor\" data-id=\"bec2f3d\" data-element_type=\"widget\" data-widget_type=\"text-editor.default\">\n\t\t\t\t<div class=\"elementor-widget-container\">\n\t\t\t\t\t\t\t\t\tIn the development of software solutions in particular, the aspect of reusability within the context of standard solutions and standard software modules is taken into account (e.g. interfaces, data model, multilingualism). Our solutions are therefore extremely flexible and because of our own development, highly adaptable. Without significant additional effort we can therefore develop Software solutions that, by nature of their their degree of standardization, are interesting for each company.\n\n\t\t\t\t\t\t\t\t<\/div>\n\t\t\t\t<\/div>\n\t\t\t\t<div class=\"elementor-element elementor-element-160fe06 elementor-widget elementor-widget-text-editor\" data-id=\"160fe06\" data-element_type=\"widget\" id=\"lfa\" data-widget_type=\"text-editor.default\">\n\t\t\t\t<div class=\"elementor-widget-container\">\n\t\t\t\t\t\t\t\t\tLFA Suite\t\t\t\t\t\t\t\t<\/div>\n\t\t\t\t<\/div>\n\t\t\t\t<div class=\"elementor-element elementor-element-d106189 elementor-widget elementor-widget-text-editor\" data-id=\"d106189\" data-element_type=\"widget\" data-widget_type=\"text-editor.default\">\n\t\t\t\t<div class=\"elementor-widget-container\">\n\t\t\t\t\t\t\t\t\t<p>The\u00a0<a href=\"\/en\/lfa-suite\/\">LFA-Suite<\/a>\u00a0is a complete solution to support and manage all administrative tasks for civil aviation authorities. From the registration of an aircraft to the approval of an operator till monitoring activities, many processes are performed with IT support.<\/p>\t\t\t\t\t\t\t\t<\/div>\n\t\t\t\t<\/div>\n\t\t\t\t<div class=\"elementor-element elementor-element-df6b1fd elementor-widget elementor-widget-text-editor\" data-id=\"df6b1fd\" data-element_type=\"widget\" id=\"avsky\" data-widget_type=\"text-editor.default\">\n\t\t\t\t<div class=\"elementor-widget-container\">\n\t\t\t\t\t\t\t\t\tAviation &#038; Sky\n\t\t\t\t\t\t\t\t<\/div>\n\t\t\t\t<\/div>\n\t\t\t\t<div class=\"elementor-element elementor-element-3baed2a7 elementor-widget elementor-widget-text-editor\" data-id=\"3baed2a7\" data-element_type=\"widget\" data-widget_type=\"text-editor.default\">\n\t\t\t\t<div class=\"elementor-widget-container\">\n\t\t\t\t\t\t\t\t\t<p><a href=\"\/en\/aviation-sky\/\">Aviation &amp; Sky<\/a>\u00a0is a comprehensive software solution for civil aviation authorities. Its modules cover the main processes and tasks a CAA has to fulfil. The objective is to support all processes in accordance with the international regulations (ICAO, EASA, etc.) and national requirements to keep the tasks as simple as possible and to support modern technologies.<\/p><p>The main modules are<\/p><ul><li>Inspection<\/li><li>Airworthiness<\/li><li>Approval<\/li><li>Licensing<\/li><\/ul><p>For more information visit our\u00a0<a href=\"\/en\/aviation-sky\/\">Aviation &amp; Sky<\/a>\u00a0site.<\/p>\t\t\t\t\t\t\t\t<\/div>\n\t\t\t\t<\/div>\n\t\t\t\t<div class=\"elementor-element elementor-element-b43d577 elementor-widget elementor-widget-text-editor\" data-id=\"b43d577\" data-element_type=\"widget\" id=\"ac\" data-widget_type=\"text-editor.default\">\n\t\t\t\t<div class=\"elementor-widget-container\">\n\t\t\t\t\t\t\t\t\tAuditCenter\t\t\t\t\t\t\t\t<\/div>\n\t\t\t\t<\/div>\n\t\t\t\t<div class=\"elementor-element elementor-element-86a2291 elementor-widget elementor-widget-text-editor\" data-id=\"86a2291\" data-element_type=\"widget\" data-widget_type=\"text-editor.default\">\n\t\t\t\t<div class=\"elementor-widget-container\">\n\t\t\t\t\t\t\t\t\t<p><a href=\"https:\/\/www.auditcenter.at\" target=\"_blank\" rel=\"noopener\">AuditCenter<\/a>\u00a0is a tool to support quality managers in small and medium enterprises with the implementation, documentation and reporting of internal audits. It provides the following basic functions:\n<br><br>\n<ul>\n\t<li>Audit planning and implementation<\/li>\n\t<li>CIP (Continuous Improvement Process)<\/li>\n\t<li>Document Management<\/li>\n\t<li>Guidelines<\/li>\n\t<li>Surveys<\/li>\n<\/ul><\/p><p>For detailed information visit us at\u00a0<a href=\"http:\/\/www.auditcenter.at\/\" target=\"_blank\" rel=\"noopener\">www.auditcenter.at<\/a>.<\/p>\t\t\t\t\t\t\t\t<\/div>\n\t\t\t\t<\/div>\n\t\t\t\t<div class=\"elementor-element elementor-element-2dfe0ea4 elementor-widget elementor-widget-text-editor\" data-id=\"2dfe0ea4\" data-element_type=\"widget\" id=\"audit\" data-widget_type=\"text-editor.default\">\n\t\t\t\t<div class=\"elementor-widget-container\">\n\t\t\t\t\t\t\t\t\tAudit\t\t\t\t\t\t\t\t<\/div>\n\t\t\t\t<\/div>\n\t\t\t\t<div class=\"elementor-element elementor-element-5c487bd elementor-widget elementor-widget-text-editor\" data-id=\"5c487bd\" data-element_type=\"widget\" data-widget_type=\"text-editor.default\">\n\t\t\t\t<div class=\"elementor-widget-container\">\n\t\t\t\t\t\t\t\t\t<div class=\"content clearfix\"><div class=\"field field-name-body field-type-text-with-summary field-label-hidden\"><div class=\"field-items\"><div class=\"field-item even\"><p><a href=\"\/en\/audit\/\">Audit<\/a>\u00a0is a software solution to plan and perform audits. The target group are certification companies, offering and performing the certification audits due to legal provision and standards.\n<br>\nBasic functionality comprises of:<\/p><ul><li>Standards management<\/li><li>Comprehensive planning<\/li><li>Implementation<\/li><li>Reporting<\/li><\/ul><\/div><\/div><\/div><\/div>\t\t\t\t\t\t\t\t<\/div>\n\t\t\t\t<\/div>\n\t\t\t\t\t<\/div>\n\t\t<\/div>\n\t\t\t\t\t<\/div>\n\t\t<\/section>\n\t\t\t\t<\/div>","protected":false},"excerpt":{"rendered":"<p>PRODUKTE Fertige Softwarel\u00f6sungen LFA Suite Aviation &#038; Sky Audit Center Audit Fertige Softwarel\u00f6sungen flexibel und adaptierbar In der Entwicklung von Softwarel\u00f6sungen wird stets dem Aspekt der Wiederverwertung im Sinne von Standardl\u00f6sungen bzw. Standard-Software-Modulen besonders Rechnung getragen (Schnittstellen, Datenmodell, Mehrsprachigkeit). Unsere L\u00f6sungen sind daher au\u00dfergew\u00f6hnlich flexibel und aufgrund der Eigenentwicklung in hohem Ma\u00df adaptierbar. Ohne wesentlichen [&hellip;]<\/p>","protected":false},"author":4,"featured_media":0,"parent":0,"menu_order":0,"comment_status":"closed","ping_status":"closed","template":"","meta":{"footnotes":""},"class_list":["post-2486","page","type-page","status-publish","hentry"],"_links":{"self":[{"href":"https:\/\/www.joyn-it.at\/en\/wp-json\/wp\/v2\/pages\/2486","targetHints":{"allow":["GET"]}}],"collection":[{"href":"https:\/\/www.joyn-it.at\/en\/wp-json\/wp\/v2\/pages"}],"about":[{"href":"https:\/\/www.joyn-it.at\/en\/wp-json\/wp\/v2\/types\/page"}],"author":[{"embeddable":true,"href":"https:\/\/www.joyn-it.at\/en\/wp-json\/wp\/v2\/users\/4"}],"replies":[{"embeddable":true,"href":"https:\/\/www.joyn-it.at\/en\/wp-json\/wp\/v2\/comments?post=2486"}],"version-history":[{"count":40,"href":"https:\/\/www.joyn-it.at\/en\/wp-json\/wp\/v2\/pages\/2486\/revisions"}],"predecessor-version":[{"id":2869,"href":"https:\/\/www.joyn-it.at\/en\/wp-json\/wp\/v2\/pages\/2486\/revisions\/2869"}],"wp:attachment":[{"href":"https:\/\/www.joyn-it.at\/en\/wp-json\/wp\/v2\/media?parent=2486"}],"curies":[{"name":"wp","href":"https:\/\/api.w.org\/{rel}","templated":true}]}}