{"id":2518,"date":"2022-07-20T18:02:08","date_gmt":"2022-07-20T16:02:08","guid":{"rendered":"https:\/\/devel.joyn-it.at\/?page_id=2518"},"modified":"2022-07-25T11:08:27","modified_gmt":"2022-07-25T09:08:27","slug":"audit","status":"publish","type":"page","link":"https:\/\/www.joyn-it.at\/en\/audit\/","title":{"rendered":"Audit"},"content":{"rendered":"<div data-elementor-type=\"wp-page\" data-elementor-id=\"2518\" class=\"elementor elementor-2518\">\n\t\t\t\t\t\t<section class=\"elementor-section elementor-top-section elementor-element elementor-element-69539e7 elementor-section-full_width elementor-section-height-default elementor-section-height-default\" data-id=\"69539e7\" data-element_type=\"section\">\n\t\t\t\t\t\t<div class=\"elementor-container elementor-column-gap-default\">\n\t\t\t\t\t<div class=\"elementor-column elementor-col-100 elementor-top-column elementor-element elementor-element-aacd43b\" data-id=\"aacd43b\" data-element_type=\"column\">\n\t\t\t<div class=\"elementor-widget-wrap elementor-element-populated\">\n\t\t\t\t\t\t<div class=\"elementor-element elementor-element-8bd284d elementor-widget elementor-widget-image\" data-id=\"8bd284d\" data-element_type=\"widget\" data-widget_type=\"image.default\">\n\t\t\t\t<div class=\"elementor-widget-container\">\n\t\t\t\t\t\t\t\t\t\t\t\t\t\t\t<img fetchpriority=\"high\" decoding=\"async\" width=\"940\" height=\"350\" src=\"https:\/\/www.joyn-it.at\/wp-content\/uploads\/2022\/07\/img1.jpg\" class=\"attachment-full size-full wp-image-2744\" alt=\"\" srcset=\"https:\/\/www.joyn-it.at\/wp-content\/uploads\/2022\/07\/img1.jpg 940w, https:\/\/www.joyn-it.at\/wp-content\/uploads\/2022\/07\/img1-300x112.jpg 300w, https:\/\/www.joyn-it.at\/wp-content\/uploads\/2022\/07\/img1-768x286.jpg 768w, https:\/\/www.joyn-it.at\/wp-content\/uploads\/2022\/07\/img1-18x7.jpg 18w\" sizes=\"(max-width: 940px) 100vw, 940px\" \/>\t\t\t\t\t\t\t\t\t\t\t\t\t\t\t<\/div>\n\t\t\t\t<\/div>\n\t\t\t\t\t<\/div>\n\t\t<\/div>\n\t\t\t\t\t<\/div>\n\t\t<\/section>\n\t\t\t\t<section class=\"elementor-section elementor-top-section elementor-element elementor-element-1255c2d elementor-section-full_width elementor-section-height-default elementor-section-height-default\" data-id=\"1255c2d\" data-element_type=\"section\" data-settings=\"{&quot;background_background&quot;:&quot;classic&quot;}\">\n\t\t\t\t\t\t<div class=\"elementor-container elementor-column-gap-default\">\n\t\t\t\t\t<div class=\"elementor-column elementor-col-100 elementor-top-column elementor-element elementor-element-a310f46\" data-id=\"a310f46\" data-element_type=\"column\">\n\t\t\t<div class=\"elementor-widget-wrap elementor-element-populated\">\n\t\t\t\t\t\t<div class=\"elementor-element elementor-element-2792461 elementor-widget-tablet__width-inherit elementor-widget elementor-widget-heading\" data-id=\"2792461\" data-element_type=\"widget\" data-widget_type=\"heading.default\">\n\t\t\t\t<div class=\"elementor-widget-container\">\n\t\t\t\t\t<h3 class=\"elementor-heading-title elementor-size-default\">AUDIT<\/h3>\t\t\t\t<\/div>\n\t\t\t\t<\/div>\n\t\t\t\t<div class=\"elementor-element elementor-element-8727828 elementor-widget elementor-widget-spacer\" data-id=\"8727828\" data-element_type=\"widget\" data-widget_type=\"spacer.default\">\n\t\t\t\t<div class=\"elementor-widget-container\">\n\t\t\t\t\t\t\t<div class=\"elementor-spacer\">\n\t\t\t<div class=\"elementor-spacer-inner\"><\/div>\n\t\t<\/div>\n\t\t\t\t\t\t<\/div>\n\t\t\t\t<\/div>\n\t\t\t\t\t<\/div>\n\t\t<\/div>\n\t\t\t\t\t<\/div>\n\t\t<\/section>\n\t\t\t\t<section class=\"elementor-section elementor-top-section elementor-element elementor-element-931af11 elementor-section-boxed elementor-section-height-default elementor-section-height-default\" data-id=\"931af11\" data-element_type=\"section\">\n\t\t\t\t\t\t<div class=\"elementor-container elementor-column-gap-default\">\n\t\t\t\t\t<div class=\"elementor-column elementor-col-100 elementor-top-column elementor-element elementor-element-01e7fc4\" data-id=\"01e7fc4\" data-element_type=\"column\" id=\"allgemein\">\n\t\t\t<div class=\"elementor-widget-wrap elementor-element-populated\">\n\t\t\t\t\t\t<div class=\"elementor-element elementor-element-9cd71ee elementor-widget elementor-widget-text-editor\" data-id=\"9cd71ee\" data-element_type=\"widget\" data-widget_type=\"text-editor.default\">\n\t\t\t\t<div class=\"elementor-widget-container\">\n\t\t\t\t\t\t\t\t\t<p>Alle Zertifikatsinhaber im \u00dcberblick<\/p>\t\t\t\t\t\t\t\t<\/div>\n\t\t\t\t<\/div>\n\t\t\t\t<div class=\"elementor-element elementor-element-bec2f3d elementor-widget elementor-widget-text-editor\" data-id=\"bec2f3d\" data-element_type=\"widget\" data-widget_type=\"text-editor.default\">\n\t\t\t\t<div class=\"elementor-widget-container\">\n\t\t\t\t\t\t\t\t\tAudit ist eine Softwarel\u00f6sung zur Planung und Durchf\u00fcrung von Audits. Zielgruppe sind Zertifizierungsunternehmen, die im Rahmen der Zertifizierung Audits aufgrund gesetzlicher Bestimmung und Normen als Dienstleistung anbieten und durchf\u00fcren. Folgende Basisfunktioen stehen zur Verf\u00fcgung:.\n\n\t\t\t\t\t\t\t\t<\/div>\n\t\t\t\t<\/div>\n\t\t\t\t<div class=\"elementor-element elementor-element-160fe06 elementor-widget elementor-widget-text-editor\" data-id=\"160fe06\" data-element_type=\"widget\" data-widget_type=\"text-editor.default\">\n\t\t\t\t<div class=\"elementor-widget-container\">\n\t\t\t\t\t\t\t\t\t<p>Standards management<\/p>\t\t\t\t\t\t\t\t<\/div>\n\t\t\t\t<\/div>\n\t\t\t\t<div class=\"elementor-element elementor-element-d106189 elementor-widget elementor-widget-text-editor\" data-id=\"d106189\" data-element_type=\"widget\" data-widget_type=\"text-editor.default\">\n\t\t\t\t<div class=\"elementor-widget-container\">\n\t\t\t\t\t\t\t\t\tEin Audit basiert auf Normen mit Paragraphen. Diese Normen und deren Paragraphen m\u00fcssen einmalig aufgenommen werden und stehen in weiterer Folge in der Auditplanung zur Verf\u00fcgung.\n\n\t\t\t\t\t\t\t\t<\/div>\n\t\t\t\t<\/div>\n\t\t\t\t<div class=\"elementor-element elementor-element-df6b1fd elementor-widget elementor-widget-text-editor\" data-id=\"df6b1fd\" data-element_type=\"widget\" data-widget_type=\"text-editor.default\">\n\t\t\t\t<div class=\"elementor-widget-container\">\n\t\t\t\t\t\t\t\t\tPlanung\t\t\t\t\t\t\t\t<\/div>\n\t\t\t\t<\/div>\n\t\t\t\t<div class=\"elementor-element elementor-element-3baed2a7 elementor-widget elementor-widget-text-editor\" data-id=\"3baed2a7\" data-element_type=\"widget\" data-widget_type=\"text-editor.default\">\n\t\t\t\t<div class=\"elementor-widget-container\">\n\t\t\t\t\t\t\t\t\t<p>Im Rahmen der Audit-Planung k\u00f6nnen kombinierte Audits angelegt und\u00a0verwaltet werden. Die gew\u00fcnschten Kapitel, Paragraphen, usw. k\u00f6nnen ausgew\u00e4hlt und dem Audit zugeordnet werden. Weiters ist es m\u00f6glich beteiligte Personen (Auditteam und Auditpartner) zuzuordnen. Die Audit-Vorbereitung gliedert sich in drei Ebenen<\/p><ul><li>Planung: Zuordnen von Hauptkapitel und Mitarbeitern<\/li><li>Checkliste (optional): Erstellung einer Checkliste durch Auswahl von Subkapiteln<\/li><li>Frageliste:\u00a0Konkrete Fragen k\u00f6nnen zugeordnet\u00a0werden<\/li><\/ul>\t\t\t\t\t\t\t\t<\/div>\n\t\t\t\t<\/div>\n\t\t\t\t<div class=\"elementor-element elementor-element-b43d577 elementor-widget elementor-widget-text-editor\" data-id=\"b43d577\" data-element_type=\"widget\" data-widget_type=\"text-editor.default\">\n\t\t\t\t<div class=\"elementor-widget-container\">\n\t\t\t\t\t\t\t\t\tImplementation\t\t\t\t\t\t\t\t<\/div>\n\t\t\t\t<\/div>\n\t\t\t\t<div class=\"elementor-element elementor-element-86a2291 elementor-widget elementor-widget-text-editor\" data-id=\"86a2291\" data-element_type=\"widget\" data-widget_type=\"text-editor.default\">\n\t\t\t\t<div class=\"elementor-widget-container\">\n\t\t\t\t\t\t\t\t\tDie Durchf\u00fchrung beinhaltet die Bewertung der gestellten Fragen und die Erfassung von Beanstandungen. Die Beanstandungen k\u00f6nnen Prozessen, Abteilungen und Orten zugeordnet werden.\n\n\t\t\t\t\t\t\t\t<\/div>\n\t\t\t\t<\/div>\n\t\t\t\t<div class=\"elementor-element elementor-element-2dfe0ea4 elementor-widget elementor-widget-text-editor\" data-id=\"2dfe0ea4\" data-element_type=\"widget\" data-widget_type=\"text-editor.default\">\n\t\t\t\t<div class=\"elementor-widget-container\">\n\t\t\t\t\t\t\t\t\tReporting\t\t\t\t\t\t\t\t<\/div>\n\t\t\t\t<\/div>\n\t\t\t\t<div class=\"elementor-element elementor-element-5c487bd elementor-widget elementor-widget-text-editor\" data-id=\"5c487bd\" data-element_type=\"widget\" data-widget_type=\"text-editor.default\">\n\t\t\t\t<div class=\"elementor-widget-container\">\n\t\t\t\t\t\t\t\t\t<p>In jeder Phase gibt es eine Reihe von Reports. Zum Beispiel kann das Auditprogramm f\u00fcr eine gewisse Zeitspanne erstellt werden oder eine Checkliste gedruckt werden. Es ist nat\u00fcrlich auch m\u00f6glich das Ergebnis eines Audits zu generieren.<\/p>\t\t\t\t\t\t\t\t<\/div>\n\t\t\t\t<\/div>\n\t\t\t\t<div class=\"elementor-element elementor-element-ddde998 elementor-widget elementor-widget-text-editor\" data-id=\"ddde998\" data-element_type=\"widget\" data-widget_type=\"text-editor.default\">\n\t\t\t\t<div class=\"elementor-widget-container\">\n\t\t\t\t\t\t\t\t\tOfflineversion\t\t\t\t\t\t\t\t<\/div>\n\t\t\t\t<\/div>\n\t\t\t\t<div class=\"elementor-element elementor-element-0dce2d6 elementor-widget elementor-widget-text-editor\" data-id=\"0dce2d6\" data-element_type=\"widget\" data-widget_type=\"text-editor.default\">\n\t\t\t\t<div class=\"elementor-widget-container\">\n\t\t\t\t\t\t\t\t\tJener Teil der Applikation, der f\u00fcr die Durchf\u00fchrung ben\u00f6tigt wird, steht auch als Offlineversion zu Verf\u00fcgung. Die Daten der Offlineversion werden dann zu einem sp\u00e4teren Zeitpunkt ins Audit transferiert.\n\n\t\t\t\t\t\t\t\t<\/div>\n\t\t\t\t<\/div>\n\t\t\t\t\t<\/div>\n\t\t<\/div>\n\t\t\t\t\t<\/div>\n\t\t<\/section>\n\t\t\t\t<\/div>","protected":false},"excerpt":{"rendered":"<p>AUDIT Alle Zertifikatsinhaber im \u00dcberblick Audit ist eine Softwarel\u00f6sung zur Planung und Durchf\u00fcrung von Audits. Zielgruppe sind Zertifizierungsunternehmen, die im Rahmen der Zertifizierung Audits aufgrund gesetzlicher Bestimmung und Normen als Dienstleistung anbieten und durchf\u00fcren. Folgende Basisfunktioen stehen zur Verf\u00fcgung:. Verwaltung der Normen Ein Audit basiert auf Normen mit Paragraphen. Diese Normen und deren Paragraphen m\u00fcssen [&hellip;]<\/p>","protected":false},"author":4,"featured_media":0,"parent":0,"menu_order":0,"comment_status":"closed","ping_status":"closed","template":"","meta":{"footnotes":""},"class_list":["post-2518","page","type-page","status-publish","hentry"],"_links":{"self":[{"href":"https:\/\/www.joyn-it.at\/en\/wp-json\/wp\/v2\/pages\/2518","targetHints":{"allow":["GET"]}}],"collection":[{"href":"https:\/\/www.joyn-it.at\/en\/wp-json\/wp\/v2\/pages"}],"about":[{"href":"https:\/\/www.joyn-it.at\/en\/wp-json\/wp\/v2\/types\/page"}],"author":[{"embeddable":true,"href":"https:\/\/www.joyn-it.at\/en\/wp-json\/wp\/v2\/users\/4"}],"replies":[{"embeddable":true,"href":"https:\/\/www.joyn-it.at\/en\/wp-json\/wp\/v2\/comments?post=2518"}],"version-history":[{"count":13,"href":"https:\/\/www.joyn-it.at\/en\/wp-json\/wp\/v2\/pages\/2518\/revisions"}],"predecessor-version":[{"id":2747,"href":"https:\/\/www.joyn-it.at\/en\/wp-json\/wp\/v2\/pages\/2518\/revisions\/2747"}],"wp:attachment":[{"href":"https:\/\/www.joyn-it.at\/en\/wp-json\/wp\/v2\/media?parent=2518"}],"curies":[{"name":"wp","href":"https:\/\/api.w.org\/{rel}","templated":true}]}}