{"id":2540,"date":"2022-07-20T18:28:38","date_gmt":"2022-07-20T16:28:38","guid":{"rendered":"https:\/\/devel.joyn-it.at\/?page_id=2540"},"modified":"2022-07-25T12:20:22","modified_gmt":"2022-07-25T10:20:22","slug":"unsere-mission","status":"publish","type":"page","link":"https:\/\/www.joyn-it.at\/en\/unsere-mission\/","title":{"rendered":"Our Mission"},"content":{"rendered":"<div data-elementor-type=\"wp-page\" data-elementor-id=\"2540\" class=\"elementor elementor-2540\">\n\t\t\t\t\t\t<section class=\"elementor-section elementor-top-section elementor-element elementor-element-69539e7 elementor-section-full_width elementor-section-height-default elementor-section-height-default\" data-id=\"69539e7\" data-element_type=\"section\">\n\t\t\t\t\t\t<div class=\"elementor-container elementor-column-gap-default\">\n\t\t\t\t\t<div class=\"elementor-column elementor-col-100 elementor-top-column elementor-element elementor-element-aacd43b\" data-id=\"aacd43b\" data-element_type=\"column\">\n\t\t\t<div class=\"elementor-widget-wrap elementor-element-populated\">\n\t\t\t\t\t\t<div class=\"elementor-element elementor-element-8bd284d elementor-widget elementor-widget-image\" data-id=\"8bd284d\" data-element_type=\"widget\" data-widget_type=\"image.default\">\n\t\t\t\t<div class=\"elementor-widget-container\">\n\t\t\t\t\t\t\t\t\t\t\t\t\t\t\t<img fetchpriority=\"high\" decoding=\"async\" width=\"1600\" height=\"236\" src=\"https:\/\/www.joyn-it.at\/wp-content\/uploads\/2022\/07\/ak10-1.png\" class=\"attachment-full size-full wp-image-2436\" alt=\"\" srcset=\"https:\/\/www.joyn-it.at\/wp-content\/uploads\/2022\/07\/ak10-1.png 1600w, https:\/\/www.joyn-it.at\/wp-content\/uploads\/2022\/07\/ak10-1-300x44.png 300w, https:\/\/www.joyn-it.at\/wp-content\/uploads\/2022\/07\/ak10-1-1024x151.png 1024w, https:\/\/www.joyn-it.at\/wp-content\/uploads\/2022\/07\/ak10-1-768x113.png 768w, https:\/\/www.joyn-it.at\/wp-content\/uploads\/2022\/07\/ak10-1-1536x227.png 1536w, https:\/\/www.joyn-it.at\/wp-content\/uploads\/2022\/07\/ak10-1-18x3.png 18w\" sizes=\"(max-width: 1600px) 100vw, 1600px\" \/>\t\t\t\t\t\t\t\t\t\t\t\t\t\t\t<\/div>\n\t\t\t\t<\/div>\n\t\t\t\t\t<\/div>\n\t\t<\/div>\n\t\t\t\t\t<\/div>\n\t\t<\/section>\n\t\t\t\t<section class=\"elementor-section elementor-top-section elementor-element elementor-element-1255c2d elementor-section-full_width elementor-section-height-default elementor-section-height-default\" data-id=\"1255c2d\" data-element_type=\"section\" data-settings=\"{&quot;background_background&quot;:&quot;classic&quot;}\">\n\t\t\t\t\t\t<div class=\"elementor-container elementor-column-gap-default\">\n\t\t\t\t\t<div class=\"elementor-column elementor-col-100 elementor-top-column elementor-element elementor-element-a310f46\" data-id=\"a310f46\" data-element_type=\"column\">\n\t\t\t<div class=\"elementor-widget-wrap elementor-element-populated\">\n\t\t\t\t\t\t<div class=\"elementor-element elementor-element-2792461 elementor-widget-tablet__width-inherit elementor-widget elementor-widget-heading\" data-id=\"2792461\" data-element_type=\"widget\" data-widget_type=\"heading.default\">\n\t\t\t\t<div class=\"elementor-widget-container\">\n\t\t\t\t\t<h3 class=\"elementor-heading-title elementor-size-default\">OUR MISSION\n<\/h3>\t\t\t\t<\/div>\n\t\t\t\t<\/div>\n\t\t\t\t<div class=\"elementor-element elementor-element-d774713 elementor-widget elementor-widget-spacer\" data-id=\"d774713\" data-element_type=\"widget\" data-widget_type=\"spacer.default\">\n\t\t\t\t<div class=\"elementor-widget-container\">\n\t\t\t\t\t\t\t<div class=\"elementor-spacer\">\n\t\t\t<div class=\"elementor-spacer-inner\"><\/div>\n\t\t<\/div>\n\t\t\t\t\t\t<\/div>\n\t\t\t\t<\/div>\n\t\t\t\t\t<\/div>\n\t\t<\/div>\n\t\t\t\t\t<\/div>\n\t\t<\/section>\n\t\t\t\t<section class=\"elementor-section elementor-top-section elementor-element elementor-element-931af11 elementor-section-boxed elementor-section-height-default elementor-section-height-default\" data-id=\"931af11\" data-element_type=\"section\">\n\t\t\t\t\t\t<div class=\"elementor-container elementor-column-gap-default\">\n\t\t\t\t\t<div class=\"elementor-column elementor-col-100 elementor-top-column elementor-element elementor-element-01e7fc4\" data-id=\"01e7fc4\" data-element_type=\"column\" id=\"allgemein\">\n\t\t\t<div class=\"elementor-widget-wrap elementor-element-populated\">\n\t\t\t\t\t\t<div class=\"elementor-element elementor-element-9cd71ee elementor-widget elementor-widget-text-editor\" data-id=\"9cd71ee\" data-element_type=\"widget\" data-widget_type=\"text-editor.default\">\n\t\t\t\t<div class=\"elementor-widget-container\">\n\t\t\t\t\t\t\t\t\tJoining forces!\n\t\t\t\t\t\t\t\t<\/div>\n\t\t\t\t<\/div>\n\t\t\t\t<div class=\"elementor-element elementor-element-bec2f3d elementor-widget elementor-widget-text-editor\" data-id=\"bec2f3d\" data-element_type=\"widget\" data-widget_type=\"text-editor.default\">\n\t\t\t\t<div class=\"elementor-widget-container\">\n\t\t\t\t\t\t\t\t\tWe combine professional strengths of our customers with our strengths in software development thus creating the ideal foundation for a successful implementation of IT projects of the highest quality and efficiency. A satisfied customer is the key to fulfilling our mission. To achieve this, we put him at the centre of all our activities:\t\t\t\t\t\t\t\t<\/div>\n\t\t\t\t<\/div>\n\t\t\t\t<div class=\"elementor-element elementor-element-160fe06 elementor-widget elementor-widget-text-editor\" data-id=\"160fe06\" data-element_type=\"widget\" data-widget_type=\"text-editor.default\">\n\t\t\t\t<div class=\"elementor-widget-container\">\n\t\t\t\t\t\t\t\t\tCustomer-oriented project implementation\n\t\t\t\t\t\t\t\t<\/div>\n\t\t\t\t<\/div>\n\t\t\t\t<div class=\"elementor-element elementor-element-d106189 elementor-widget elementor-widget-text-editor\" data-id=\"d106189\" data-element_type=\"widget\" data-widget_type=\"text-editor.default\">\n\t\t\t\t<div class=\"elementor-widget-container\">\n\t\t\t\t\t\t\t\t\tThe customer's objectives are the central focus of the project team during the implementation of customer projects. To ensure that all transactions for the customer and for joyn-it remain transparent, we use state-off-the-art project management and software development methods, that are project-specific adapted to the customer and his needs.\n\n\t\t\t\t\t\t\t\t<\/div>\n\t\t\t\t<\/div>\n\t\t\t\t<div class=\"elementor-element elementor-element-df6b1fd elementor-widget elementor-widget-text-editor\" data-id=\"df6b1fd\" data-element_type=\"widget\" data-widget_type=\"text-editor.default\">\n\t\t\t\t<div class=\"elementor-widget-container\">\n\t\t\t\t\t\t\t\t\tStaff competence\t\t\t\t\t\t\t\t<\/div>\n\t\t\t\t<\/div>\n\t\t\t\t<div class=\"elementor-element elementor-element-3baed2a7 elementor-widget elementor-widget-text-editor\" data-id=\"3baed2a7\" data-element_type=\"widget\" data-widget_type=\"text-editor.default\">\n\t\t\t\t<div class=\"elementor-widget-container\">\n\t\t\t\t\t\t\t\t\t<p>Strengths need to be developed! They do not come by itself. Technological knowledge combined with methodological and personal skills lead to optimal results in the execution of our IT projects. This is ensured by the constant training of our employees.<\/p>\t\t\t\t\t\t\t\t<\/div>\n\t\t\t\t<\/div>\n\t\t\t\t<div class=\"elementor-element elementor-element-b43d577 elementor-widget elementor-widget-text-editor\" data-id=\"b43d577\" data-element_type=\"widget\" data-widget_type=\"text-editor.default\">\n\t\t\t\t<div class=\"elementor-widget-container\">\n\t\t\t\t\t\t\t\t\tQuality system\t\t\t\t\t\t\t\t<\/div>\n\t\t\t\t<\/div>\n\t\t\t\t<div class=\"elementor-element elementor-element-86a2291 elementor-widget elementor-widget-text-editor\" data-id=\"86a2291\" data-element_type=\"widget\" data-widget_type=\"text-editor.default\">\n\t\t\t\t<div class=\"elementor-widget-container\">\n\t\t\t\t\t\t\t\t\t<em>..<\/em>\u00a0works in accordance with the requirements of an ISO 9001 certified quality management system. Because quality and efficiency affect the entire company, not just the immediate SW Development Process\t\t\t\t\t\t\t\t<\/div>\n\t\t\t\t<\/div>\n\t\t\t\t\t<\/div>\n\t\t<\/div>\n\t\t\t\t\t<\/div>\n\t\t<\/section>\n\t\t\t\t<\/div>","protected":false},"excerpt":{"rendered":"<p>UNSERE MISSION St\u00e4rken verbinden! Die fachlichen St\u00e4rken unserer Kunden verbinden wir mit unseren St\u00e4rken in der SW-Entwicklung und schaffen damit die ideale Grundlage f\u00fcr eine erfolgreiche Umsetzung von IT-Projekten in h\u00f6chster Qualit\u00e4t und Effizienz. Der zufriedene Kunde ist der Schl\u00fcssel zur Erf\u00fcllung unserer Mission. Um diese zu erreichen, stellen wir ihn in den Mittelpunkt unseres [&hellip;]<\/p>","protected":false},"author":4,"featured_media":0,"parent":0,"menu_order":0,"comment_status":"closed","ping_status":"closed","template":"","meta":{"footnotes":""},"class_list":["post-2540","page","type-page","status-publish","hentry"],"_links":{"self":[{"href":"https:\/\/www.joyn-it.at\/en\/wp-json\/wp\/v2\/pages\/2540","targetHints":{"allow":["GET"]}}],"collection":[{"href":"https:\/\/www.joyn-it.at\/en\/wp-json\/wp\/v2\/pages"}],"about":[{"href":"https:\/\/www.joyn-it.at\/en\/wp-json\/wp\/v2\/types\/page"}],"author":[{"embeddable":true,"href":"https:\/\/www.joyn-it.at\/en\/wp-json\/wp\/v2\/users\/4"}],"replies":[{"embeddable":true,"href":"https:\/\/www.joyn-it.at\/en\/wp-json\/wp\/v2\/comments?post=2540"}],"version-history":[{"count":7,"href":"https:\/\/www.joyn-it.at\/en\/wp-json\/wp\/v2\/pages\/2540\/revisions"}],"predecessor-version":[{"id":2785,"href":"https:\/\/www.joyn-it.at\/en\/wp-json\/wp\/v2\/pages\/2540\/revisions\/2785"}],"wp:attachment":[{"href":"https:\/\/www.joyn-it.at\/en\/wp-json\/wp\/v2\/media?parent=2540"}],"curies":[{"name":"wp","href":"https:\/\/api.w.org\/{rel}","templated":true}]}}