{"id":2546,"date":"2022-07-20T18:33:00","date_gmt":"2022-07-20T16:33:00","guid":{"rendered":"https:\/\/devel.joyn-it.at\/?page_id=2546"},"modified":"2024-10-09T09:15:22","modified_gmt":"2024-10-09T07:15:22","slug":"iso-zertifizierung","status":"publish","type":"page","link":"https:\/\/www.joyn-it.at\/en\/iso-zertifizierung\/","title":{"rendered":"ISO Zertificate"},"content":{"rendered":"<div data-elementor-type=\"wp-page\" data-elementor-id=\"2546\" class=\"elementor elementor-2546\">\n\t\t\t\t\t\t<section class=\"elementor-section elementor-top-section elementor-element elementor-element-69539e7 elementor-section-full_width elementor-section-height-default elementor-section-height-default\" data-id=\"69539e7\" data-element_type=\"section\">\n\t\t\t\t\t\t<div class=\"elementor-container elementor-column-gap-default\">\n\t\t\t\t\t<div class=\"elementor-column elementor-col-100 elementor-top-column elementor-element elementor-element-aacd43b\" data-id=\"aacd43b\" data-element_type=\"column\">\n\t\t\t<div class=\"elementor-widget-wrap elementor-element-populated\">\n\t\t\t\t\t\t<div class=\"elementor-element elementor-element-8bd284d elementor-widget elementor-widget-image\" data-id=\"8bd284d\" data-element_type=\"widget\" data-widget_type=\"image.default\">\n\t\t\t\t<div class=\"elementor-widget-container\">\n\t\t\t\t\t\t\t\t\t\t\t\t\t\t\t<img fetchpriority=\"high\" decoding=\"async\" width=\"1600\" height=\"236\" src=\"https:\/\/www.joyn-it.at\/wp-content\/uploads\/2022\/07\/ak08.png\" class=\"attachment-full size-full wp-image-2433\" alt=\"\" srcset=\"https:\/\/www.joyn-it.at\/wp-content\/uploads\/2022\/07\/ak08.png 1600w, https:\/\/www.joyn-it.at\/wp-content\/uploads\/2022\/07\/ak08-300x44.png 300w, https:\/\/www.joyn-it.at\/wp-content\/uploads\/2022\/07\/ak08-1024x151.png 1024w, https:\/\/www.joyn-it.at\/wp-content\/uploads\/2022\/07\/ak08-768x113.png 768w, https:\/\/www.joyn-it.at\/wp-content\/uploads\/2022\/07\/ak08-1536x227.png 1536w, https:\/\/www.joyn-it.at\/wp-content\/uploads\/2022\/07\/ak08-18x3.png 18w\" sizes=\"(max-width: 1600px) 100vw, 1600px\" \/>\t\t\t\t\t\t\t\t\t\t\t\t\t\t\t<\/div>\n\t\t\t\t<\/div>\n\t\t\t\t\t<\/div>\n\t\t<\/div>\n\t\t\t\t\t<\/div>\n\t\t<\/section>\n\t\t\t\t<section class=\"elementor-section elementor-top-section elementor-element elementor-element-1255c2d elementor-section-full_width elementor-section-height-default elementor-section-height-default\" data-id=\"1255c2d\" data-element_type=\"section\" data-settings=\"{&quot;background_background&quot;:&quot;classic&quot;}\">\n\t\t\t\t\t\t<div class=\"elementor-container elementor-column-gap-default\">\n\t\t\t\t\t<div class=\"elementor-column elementor-col-100 elementor-top-column elementor-element elementor-element-a310f46\" data-id=\"a310f46\" data-element_type=\"column\">\n\t\t\t<div class=\"elementor-widget-wrap elementor-element-populated\">\n\t\t\t\t\t\t<div class=\"elementor-element elementor-element-2792461 elementor-widget-tablet__width-inherit elementor-widget elementor-widget-heading\" data-id=\"2792461\" data-element_type=\"widget\" data-widget_type=\"heading.default\">\n\t\t\t\t<div class=\"elementor-widget-container\">\n\t\t\t\t\t<h3 class=\"elementor-heading-title elementor-size-default\">JOYN-IT IS ISO CERTIFIED\n<\/h3>\t\t\t\t<\/div>\n\t\t\t\t<\/div>\n\t\t\t\t<div class=\"elementor-element elementor-element-e40e098 elementor-widget elementor-widget-spacer\" data-id=\"e40e098\" data-element_type=\"widget\" data-widget_type=\"spacer.default\">\n\t\t\t\t<div class=\"elementor-widget-container\">\n\t\t\t\t\t\t\t<div class=\"elementor-spacer\">\n\t\t\t<div class=\"elementor-spacer-inner\"><\/div>\n\t\t<\/div>\n\t\t\t\t\t\t<\/div>\n\t\t\t\t<\/div>\n\t\t\t\t\t<\/div>\n\t\t<\/div>\n\t\t\t\t\t<\/div>\n\t\t<\/section>\n\t\t\t\t<section class=\"elementor-section elementor-top-section elementor-element elementor-element-931af11 elementor-section-boxed elementor-section-height-default elementor-section-height-default\" data-id=\"931af11\" data-element_type=\"section\">\n\t\t\t\t\t\t<div class=\"elementor-container elementor-column-gap-default\">\n\t\t\t\t\t<div class=\"elementor-column elementor-col-100 elementor-top-column elementor-element elementor-element-01e7fc4\" data-id=\"01e7fc4\" data-element_type=\"column\" id=\"allgemein\">\n\t\t\t<div class=\"elementor-widget-wrap elementor-element-populated\">\n\t\t\t\t\t\t<div class=\"elementor-element elementor-element-0dce2d6 elementor-widget elementor-widget-text-editor\" data-id=\"0dce2d6\" data-element_type=\"widget\" data-widget_type=\"text-editor.default\">\n\t\t\t\t<div class=\"elementor-widget-container\">\n\t\t\t\t\t\t\t\t\t<p><strong><em>..<\/em><\/strong>s Bekenntnis zur Qualit\u00e4t ihrer Produkte und Dienstleistungen erreicht mit der umfassenden Zertifizierung des gesamten Unternehmens nach EN ISO 9001:2015 ein neues Niveau.<\/p><p>Die Norm EN ISO 9001:2015 legt einen Rahmen fest, in dem Unternehmen ihr Qualit\u00e4tsmanagement-System zur kontinuierlichen Verbesserung der Prozesse definieren k\u00f6nnen. Dies geschieht unter Einbindung aller betroffenen Personengruppen im Unternehmen. Mit regelm\u00e4\u00dfigen \u00dcberpr\u00fcfungen (Audits) wird durch eine unabh\u00e4ngige Pr\u00fcfungsstelle die Einhaltung und korrekte und umfassende Weiterentwicklung der Prozesse sichergestellt.<\/p><p><a href=\"https:\/\/www.joyn-it.at\/wp-content\/uploads\/2024\/10\/ISO-Zertifikat-2024-scaled.jpg\" target=\"_blank\" rel=\"noopener\">@ ISO 9001 certificate<\/a><\/p>\t\t\t\t\t\t\t\t<\/div>\n\t\t\t\t<\/div>\n\t\t\t\t<div class=\"elementor-element elementor-element-56ad374 elementor-widget elementor-widget-image\" data-id=\"56ad374\" data-element_type=\"widget\" data-widget_type=\"image.default\">\n\t\t\t\t<div class=\"elementor-widget-container\">\n\t\t\t\t\t\t\t\t\t\t\t\t\t\t\t<img decoding=\"async\" width=\"556\" height=\"556\" src=\"https:\/\/www.joyn-it.at\/wp-content\/uploads\/2022\/07\/TUV-Logo-Zert.png\" class=\"attachment-large size-large wp-image-2753\" alt=\"\" srcset=\"https:\/\/www.joyn-it.at\/wp-content\/uploads\/2022\/07\/TUV-Logo-Zert.png 556w, https:\/\/www.joyn-it.at\/wp-content\/uploads\/2022\/07\/TUV-Logo-Zert-300x300.png 300w, https:\/\/www.joyn-it.at\/wp-content\/uploads\/2022\/07\/TUV-Logo-Zert-150x150.png 150w, https:\/\/www.joyn-it.at\/wp-content\/uploads\/2022\/07\/TUV-Logo-Zert-12x12.png 12w\" sizes=\"(max-width: 556px) 100vw, 556px\" \/>\t\t\t\t\t\t\t\t\t\t\t\t\t\t\t<\/div>\n\t\t\t\t<\/div>\n\t\t\t\t\t<\/div>\n\t\t<\/div>\n\t\t\t\t\t<\/div>\n\t\t<\/section>\n\t\t\t\t<\/div>","protected":false},"excerpt":{"rendered":"<p>JOYN-IT IST ISO ZERTIFIZIERT joyn-its Bekenntnis zur Qualit\u00e4t ihrer Produkte und Dienstleistungen erreicht mit der umfassenden Zertifizierung des gesamten Unternehmens nach EN ISO 9001:2015 ein neues Niveau. Die Norm EN ISO 9001:2015 legt einen Rahmen fest, in dem Unternehmen ihr Qualit\u00e4tsmanagement-System zur kontinuierlichen Verbesserung der Prozesse definieren k\u00f6nnen. Dies geschieht unter Einbindung aller betroffenen Personengruppen [&hellip;]<\/p>","protected":false},"author":4,"featured_media":0,"parent":0,"menu_order":0,"comment_status":"closed","ping_status":"closed","template":"","meta":{"footnotes":""},"class_list":["post-2546","page","type-page","status-publish","hentry"],"_links":{"self":[{"href":"https:\/\/www.joyn-it.at\/en\/wp-json\/wp\/v2\/pages\/2546","targetHints":{"allow":["GET"]}}],"collection":[{"href":"https:\/\/www.joyn-it.at\/en\/wp-json\/wp\/v2\/pages"}],"about":[{"href":"https:\/\/www.joyn-it.at\/en\/wp-json\/wp\/v2\/types\/page"}],"author":[{"embeddable":true,"href":"https:\/\/www.joyn-it.at\/en\/wp-json\/wp\/v2\/users\/4"}],"replies":[{"embeddable":true,"href":"https:\/\/www.joyn-it.at\/en\/wp-json\/wp\/v2\/comments?post=2546"}],"version-history":[{"count":37,"href":"https:\/\/www.joyn-it.at\/en\/wp-json\/wp\/v2\/pages\/2546\/revisions"}],"predecessor-version":[{"id":3310,"href":"https:\/\/www.joyn-it.at\/en\/wp-json\/wp\/v2\/pages\/2546\/revisions\/3310"}],"wp:attachment":[{"href":"https:\/\/www.joyn-it.at\/en\/wp-json\/wp\/v2\/media?parent=2546"}],"curies":[{"name":"wp","href":"https:\/\/api.w.org\/{rel}","templated":true}]}}