{"id":2599,"date":"2022-07-21T11:59:40","date_gmt":"2022-07-21T09:59:40","guid":{"rendered":"https:\/\/devel.joyn-it.at\/?page_id=2599"},"modified":"2024-05-16T11:05:52","modified_gmt":"2024-05-16T09:05:52","slug":"impressum-2","status":"publish","type":"page","link":"https:\/\/www.joyn-it.at\/en\/impressum-2\/","title":{"rendered":"Imprint"},"content":{"rendered":"<div data-elementor-type=\"wp-page\" data-elementor-id=\"2599\" class=\"elementor elementor-2599\">\n\t\t\t\t\t\t<section class=\"elementor-section elementor-top-section elementor-element elementor-element-69539e7 elementor-section-full_width elementor-section-height-default elementor-section-height-default\" data-id=\"69539e7\" data-element_type=\"section\">\n\t\t\t\t\t\t<div class=\"elementor-container elementor-column-gap-default\">\n\t\t\t\t\t<div class=\"elementor-column elementor-col-100 elementor-top-column elementor-element elementor-element-aacd43b\" data-id=\"aacd43b\" data-element_type=\"column\">\n\t\t\t<div class=\"elementor-widget-wrap elementor-element-populated\">\n\t\t\t\t\t\t<div class=\"elementor-element elementor-element-8bd284d elementor-widget elementor-widget-image\" data-id=\"8bd284d\" data-element_type=\"widget\" data-widget_type=\"image.default\">\n\t\t\t\t<div class=\"elementor-widget-container\">\n\t\t\t\t\t\t\t\t\t\t\t\t\t\t\t<img fetchpriority=\"high\" decoding=\"async\" width=\"1920\" height=\"1280\" src=\"https:\/\/www.joyn-it.at\/wp-content\/uploads\/2017\/02\/architecture-1867768_1920-1.jpg\" class=\"attachment-full size-full wp-image-238\" alt=\"\" srcset=\"https:\/\/www.joyn-it.at\/wp-content\/uploads\/2017\/02\/architecture-1867768_1920-1.jpg 1920w, https:\/\/www.joyn-it.at\/wp-content\/uploads\/2017\/02\/architecture-1867768_1920-1-300x200.jpg 300w, https:\/\/www.joyn-it.at\/wp-content\/uploads\/2017\/02\/architecture-1867768_1920-1-1024x683.jpg 1024w, https:\/\/www.joyn-it.at\/wp-content\/uploads\/2017\/02\/architecture-1867768_1920-1-768x512.jpg 768w, https:\/\/www.joyn-it.at\/wp-content\/uploads\/2017\/02\/architecture-1867768_1920-1-1536x1024.jpg 1536w, https:\/\/www.joyn-it.at\/wp-content\/uploads\/2017\/02\/architecture-1867768_1920-1-260x173.jpg 260w\" sizes=\"(max-width: 1920px) 100vw, 1920px\" \/>\t\t\t\t\t\t\t\t\t\t\t\t\t\t\t<\/div>\n\t\t\t\t<\/div>\n\t\t\t\t\t<\/div>\n\t\t<\/div>\n\t\t\t\t\t<\/div>\n\t\t<\/section>\n\t\t\t\t<section class=\"elementor-section elementor-top-section elementor-element elementor-element-1255c2d elementor-section-full_width elementor-section-height-default elementor-section-height-default\" data-id=\"1255c2d\" data-element_type=\"section\" data-settings=\"{&quot;background_background&quot;:&quot;classic&quot;}\">\n\t\t\t\t\t\t<div class=\"elementor-container elementor-column-gap-default\">\n\t\t\t\t\t<div class=\"elementor-column elementor-col-100 elementor-top-column elementor-element elementor-element-a310f46\" data-id=\"a310f46\" data-element_type=\"column\">\n\t\t\t<div class=\"elementor-widget-wrap elementor-element-populated\">\n\t\t\t\t\t\t<div class=\"elementor-element elementor-element-2792461 elementor-widget-tablet__width-inherit elementor-widget elementor-widget-heading\" data-id=\"2792461\" data-element_type=\"widget\" data-widget_type=\"heading.default\">\n\t\t\t\t<div class=\"elementor-widget-container\">\n\t\t\t\t\t<h3 class=\"elementor-heading-title elementor-size-default\">IMPRESSUM<\/h3>\t\t\t\t<\/div>\n\t\t\t\t<\/div>\n\t\t\t\t<div class=\"elementor-element elementor-element-e40e098 elementor-widget elementor-widget-spacer\" data-id=\"e40e098\" data-element_type=\"widget\" data-widget_type=\"spacer.default\">\n\t\t\t\t<div class=\"elementor-widget-container\">\n\t\t\t\t\t\t\t<div class=\"elementor-spacer\">\n\t\t\t<div class=\"elementor-spacer-inner\"><\/div>\n\t\t<\/div>\n\t\t\t\t\t\t<\/div>\n\t\t\t\t<\/div>\n\t\t\t\t\t<\/div>\n\t\t<\/div>\n\t\t\t\t\t<\/div>\n\t\t<\/section>\n\t\t\t\t<section class=\"elementor-section elementor-top-section elementor-element elementor-element-931af11 elementor-section-boxed elementor-section-height-default elementor-section-height-default\" data-id=\"931af11\" data-element_type=\"section\">\n\t\t\t\t\t\t<div class=\"elementor-container elementor-column-gap-default\">\n\t\t\t\t\t<div class=\"elementor-column elementor-col-100 elementor-top-column elementor-element elementor-element-01e7fc4\" data-id=\"01e7fc4\" data-element_type=\"column\" id=\"allgemein\">\n\t\t\t<div class=\"elementor-widget-wrap elementor-element-populated\">\n\t\t\t\t\t\t<div class=\"elementor-element elementor-element-0dce2d6 elementor-widget elementor-widget-text-editor\" data-id=\"0dce2d6\" data-element_type=\"widget\" data-widget_type=\"text-editor.default\">\n\t\t\t\t<div class=\"elementor-widget-container\">\n\t\t\t\t\t\t\t\t\t<p>Informatonspflicht lt. \u00a75 E-Commerce Gesetz, \u00a714 Unternehmensgesetzbuch bzw. \u00a763 Gewerbeordnung und Offenlegungspflicht lt. \u00a725 Mediengesetz:<\/p><p>Firmenname: joyn-it informationstechnologie gmbh<br \/>Unternehmensgegenstand: Dienstleistung in der automatischen Datenverarbeitung und Informationstechnik<\/p><p>UID-Nummer: ATU51866805<br \/>Firmenbuchgericht: Wien<br \/>Firmenbuchnummer: FN208957s<\/p><p>Firmensitz:<br \/>Mariahilfer Stra\u00dfe 52 (Eingang: Kirchengasse 1a), 1070 Wien, \u00d6sterreich<\/p><p>Tel.: +43 1 5326852-0, Fax: DW 20<br \/>Web:\u00a0<a href=\"http:\/\/www.joyn-it.at\/en\/\">www.joyn-it.at<\/a><br \/>E-Mail:\u00a0<a href=\"http:\/\/mailto&amp;#111;&amp;#102;&amp;#102;&amp;#105;&amp;#099;&amp;#101;&amp;#064;&amp;#106;&amp;#111;&amp;#121;&amp;#110;&amp;#045;&amp;#105;&amp;#116;&amp;#046;&amp;#097;&amp;#116;\">&#x6f;&#x66;&#102;i&#x63;&#x65;&#64;&#106;o&#x79;&#x6e;&#45;&#105;t&#x2e;&#x61;&#116;<\/a><\/p><p>Mitgliedschaft bei WKO<\/p><p>Beh\u00f6rde gem. ECG (E-Commerce Gesetz): Magistratisches Bezirksamt des VII. Bezirkes<br \/>Weitere Aufsichtsbeh\u00f6rde (gem. ECG): keine<\/p><p><strong>Haftungsbeschr\u00e4nkung f\u00fcr externe Links<\/strong>\u00a0Unsere Webseite enth\u00e4lt sog. \u201eexterne Links\u201c (Verkn\u00fcpfungen zu Webseiten Dritter), auf deren Inhalt wir keinen Einfluss haben und f\u00fcr den wir aus diesem Grund keine Gew\u00e4hr \u00fcbernehmen. F\u00fcr die Inhalte und Richtigkeit der Informationen ist der jeweilige Informationsanbieter der verlinkten Webseite verantwortlich. Als die Verlinkung vorgenommen wurde, waren f\u00fcr uns keine Rechtsverst\u00f6\u00dfe erkennbar. Sollte uns eine Rechtsverletzung bekannt werden, wird der jeweilige Link umgehend von uns entfernt.<\/p>\t\t\t\t\t\t\t\t<\/div>\n\t\t\t\t<\/div>\n\t\t\t\t\t<\/div>\n\t\t<\/div>\n\t\t\t\t\t<\/div>\n\t\t<\/section>\n\t\t\t\t<\/div>","protected":false},"excerpt":{"rendered":"<p>IMPRESSUM Informatonspflicht lt. \u00a75 E-Commerce Gesetz, \u00a714 Unternehmensgesetzbuch bzw. \u00a763 Gewerbeordnung und Offenlegungspflicht lt. \u00a725 Mediengesetz: Firmenname: joyn-it informationstechnologie gmbhUnternehmensgegenstand: Dienstleistung in der automatischen Datenverarbeitung und Informationstechnik UID-Nummer: ATU51866805Firmenbuchgericht: WienFirmenbuchnummer: FN208957s Firmensitz:Mariahilfer Stra\u00dfe 52 (Eingang: Kirchengasse 1a), 1070 Wien, \u00d6sterreich Tel.: +43 1 5326852-0, Fax: DW 20Web:\u00a0www.joyn-it.atE-Mail:\u00a0office&#64;joyn-&#105;&#116;&#46;&#97;&#116; Mitgliedschaft bei WKO Beh\u00f6rde gem. ECG (E-Commerce Gesetz): [&hellip;]<\/p>","protected":false},"author":4,"featured_media":0,"parent":0,"menu_order":0,"comment_status":"closed","ping_status":"closed","template":"","meta":{"footnotes":""},"class_list":["post-2599","page","type-page","status-publish","hentry"],"_links":{"self":[{"href":"https:\/\/www.joyn-it.at\/en\/wp-json\/wp\/v2\/pages\/2599","targetHints":{"allow":["GET"]}}],"collection":[{"href":"https:\/\/www.joyn-it.at\/en\/wp-json\/wp\/v2\/pages"}],"about":[{"href":"https:\/\/www.joyn-it.at\/en\/wp-json\/wp\/v2\/types\/page"}],"author":[{"embeddable":true,"href":"https:\/\/www.joyn-it.at\/en\/wp-json\/wp\/v2\/users\/4"}],"replies":[{"embeddable":true,"href":"https:\/\/www.joyn-it.at\/en\/wp-json\/wp\/v2\/comments?post=2599"}],"version-history":[{"count":31,"href":"https:\/\/www.joyn-it.at\/en\/wp-json\/wp\/v2\/pages\/2599\/revisions"}],"predecessor-version":[{"id":3158,"href":"https:\/\/www.joyn-it.at\/en\/wp-json\/wp\/v2\/pages\/2599\/revisions\/3158"}],"wp:attachment":[{"href":"https:\/\/www.joyn-it.at\/en\/wp-json\/wp\/v2\/media?parent=2599"}],"curies":[{"name":"wp","href":"https:\/\/api.w.org\/{rel}","templated":true}]}}